{"id":1213,"date":"2020-07-09T11:11:36","date_gmt":"2020-07-09T09:11:36","guid":{"rendered":"https:\/\/www.acamiant.com\/descontaminacion-de-amianto-subvencion-de-hasta-12-000-e\/"},"modified":"2026-04-08T11:06:36","modified_gmt":"2026-04-08T09:06:36","slug":"descontaminacion-amianto-subvencion","status":"publish","type":"page","link":"https:\/\/www.acamiant.com\/es\/descontaminacion-amianto-subvencion\/","title":{"rendered":"Descontaminaci\u00f3n de amianto Subvenci\u00f3n de hasta 30.000 \u20ac"},"content":{"rendered":"<p>[et_pb_section fb_built=\u00bb1&#8243; admin_label=\u00bbsection\u00bb _builder_version=\u00bb4.27.4&#8243; background_image=\u00bbhttps:\/\/www.acamiant.com\/wp-content\/uploads\/2020\/07\/Grupo-18_v2.jpg\u00bb background_last_edited=\u00bbon|tablet\u00bb background_image_tablet=\u00bbhttps:\/\/www.acamiant.com\/wp-content\/uploads\/2020\/07\/Grup_18_980.jpg\u00bb background_enable_image_tablet=\u00bbon\u00bb global_colors_info=\u00bb{}\u00bb title_text_tablet=\u00bbGrup_18_980&#8243;][et_pb_row custom_padding_last_edited=\u00bbon|phone\u00bb admin_label=\u00bbrow\u00bb _builder_version=\u00bb4.24.0&#8243; background_size=\u00bbinitial\u00bb background_position=\u00bbtop_left\u00bb background_repeat=\u00bbrepeat\u00bb custom_padding=\u00bb||58px\u00bb custom_padding_tablet=\u00bb\u00bb custom_padding_phone=\u00bb||29px\u00bb global_colors_info=\u00bb{}\u00bb][et_pb_column type=\u00bb4_4&#8243; _builder_version=\u00bb4.16&#8243; custom_padding=\u00bb|||\u00bb global_colors_info=\u00bb{}\u00bb custom_padding__hover=\u00bb|||\u00bb][et_pb_text _builder_version=\u00bb4.27.6&#8243; header_font=\u00bb|700|||||||\u00bb header_text_align=\u00bbcenter\u00bb header_text_color=\u00bb#ffffff\u00bb header_font_size=\u00bb46px\u00bb header_2_text_align=\u00bbcenter\u00bb header_2_text_color=\u00bb#FFFFFF\u00bb max_width=\u00bb800px\u00bb module_alignment=\u00bbcenter\u00bb hover_enabled=\u00bb0&#8243; header_font_size_tablet=\u00bb\u00bb header_font_size_phone=\u00bb38px\u00bb header_font_size_last_edited=\u00bbon|desktop\u00bb global_colors_info=\u00bb{}\u00bb sticky_enabled=\u00bb0&#8243;]<\/p>\n<h1>Subvenci\u00f3n retirada de amianto 2026<\/h1>\n<h2>Pr\u00f3ximamente nuevas ayudas. \u00a1Aprov\u00e9chalo!<\/h2>\n<p>[\/et_pb_text][et_pb_text _builder_version=\u00bb4.27.4&#8243; header_font=\u00bb|600|||||||\u00bb header_text_align=\u00bbcenter\u00bb header_text_color=\u00bb#ffffff\u00bb header_3_font=\u00bb|600|||||||\u00bb header_3_text_align=\u00bbcenter\u00bb header_3_text_color=\u00bb#ffffff\u00bb custom_margin=\u00bb||-3px|||\u00bb global_colors_info=\u00bb{}\u00bb]<\/p>\n<h3>Particulares y empresas<\/h3>\n<p>[\/et_pb_text][et_pb_text disabled_on=\u00bbon|on|on\u00bb admin_label=\u00bbTexto &#8211; enlla\u00e7\u00bb _builder_version=\u00bb4.24.0&#8243; _module_preset=\u00bbdefault\u00bb text_font=\u00bb|700|||||||\u00bb text_text_color=\u00bb#FFFFFF\u00bb link_text_color=\u00bb#FFFFFF\u00bb header_text_color=\u00bb#FFFFFF\u00bb text_orientation=\u00bbcenter\u00bb link_option_url_new_window=\u00bbon\u00bb disabled=\u00bbon\u00bb global_colors_info=\u00bb{}\u00bb]<\/p>\n<p style=\"color: #fff; text-decoration: underline;\"><span class=\"et-pb-icon\" style=\"font-size: 14px; font-weight: bold;\">\ue02c<\/span> Pr\u00f3ximamente nueva convocatoria de ayudas<\/p>\n<p>[\/et_pb_text][et_pb_text admin_label=\u00bbTexto &#8211; enlla\u00e7\u00bb _builder_version=\u00bb4.27.4&#8243; _module_preset=\u00bbdefault\u00bb text_font=\u00bb|700|||||||\u00bb text_text_color=\u00bb#FFFFFF\u00bb link_text_color=\u00bb#FFFFFF\u00bb header_text_color=\u00bb#FFFFFF\u00bb text_orientation=\u00bbcenter\u00bb link_option_url_new_window=\u00bbon\u00bb global_colors_info=\u00bb{}\u00bb]<\/p>\n<p style=\"color: #fff;\"> Pr\u00f3ximamente nueva convocatoria de ayudas<\/p>\n<p>[\/et_pb_text][\/et_pb_column][\/et_pb_row][et_pb_row column_structure=\u00bb1_2,1_2&#8243; _builder_version=\u00bb4.16&#8243; global_colors_info=\u00bb{}\u00bb][et_pb_column type=\u00bb1_2&#8243; module_class=\u00bblanding_info\u00bb _builder_version=\u00bb4.16&#8243; custom_padding=\u00bb19px||||false|false\u00bb custom_padding_tablet=\u00bb0px||||false|false\u00bb custom_padding_phone=\u00bb\u00bb custom_padding_last_edited=\u00bbon|tablet\u00bb global_colors_info=\u00bb{}\u00bb custom_padding__hover=\u00bb|||\u00bb][et_pb_text _builder_version=\u00bb4.24.0&#8243; text_font=\u00bb|700|||||||\u00bb text_text_color=\u00bb#ffffff\u00bb text_font_size=\u00bb22px\u00bb global_colors_info=\u00bb{}\u00bb]Nos encargamos de todo[\/et_pb_text][et_pb_blurb use_icon=\u00bbon\u00bb font_icon=\u00bb&#x52;||divi||400&#8243; icon_color=\u00bb#67CE67&#8243; icon_placement=\u00bbleft\u00bb _builder_version=\u00bb4.24.0&#8243; body_font=\u00bb||||||||\u00bb body_text_color=\u00bb#ffffff\u00bb body_font_size=\u00bb20px\u00bb animation=\u00bboff\u00bb global_colors_info=\u00bb{}\u00bb]Asesoramiento legal y t\u00e9cnico[\/et_pb_blurb][et_pb_blurb use_icon=\u00bbon\u00bb font_icon=\u00bb&#x52;||divi||400&#8243; icon_color=\u00bb#67CE67&#8243; icon_placement=\u00bbleft\u00bb _builder_version=\u00bb4.24.0&#8243; body_font=\u00bb||||||||\u00bb body_text_color=\u00bb#ffffff\u00bb body_font_size=\u00bb20px\u00bb animation=\u00bboff\u00bb global_colors_info=\u00bb{}\u00bb]Solicitud de la subvenci\u00f3n[\/et_pb_blurb][et_pb_blurb use_icon=\u00bbon\u00bb font_icon=\u00bb&#x52;||divi||400&#8243; icon_color=\u00bb#67CE67&#8243; icon_placement=\u00bbleft\u00bb _builder_version=\u00bb4.24.0&#8243; body_font=\u00bb||||||||\u00bb body_text_color=\u00bb#ffffff\u00bb body_font_size=\u00bb20px\u00bb animation=\u00bboff\u00bb global_colors_info=\u00bb{}\u00bb]Tramitaci\u00f3n del plan de descontaminaci\u00f3n[\/et_pb_blurb][et_pb_blurb use_icon=\u00bbon\u00bb font_icon=\u00bb&#x52;||divi||400&#8243; icon_color=\u00bb#67CE67&#8243; icon_placement=\u00bbleft\u00bb _builder_version=\u00bb4.24.0&#8243; body_font=\u00bb||||||||\u00bb body_text_color=\u00bb#ffffff\u00bb body_font_size=\u00bb20px\u00bb animation=\u00bboff\u00bb global_colors_info=\u00bb{}\u00bb]Obtenci\u00f3n de permisos[\/et_pb_blurb][et_pb_blurb use_icon=\u00bbon\u00bb font_icon=\u00bb&#x52;||divi||400&#8243; icon_color=\u00bb#67CE67&#8243; icon_placement=\u00bbleft\u00bb _builder_version=\u00bb4.24.0&#8243; body_font=\u00bb||||||||\u00bb body_text_color=\u00bb#ffffff\u00bb body_font_size=\u00bb20px\u00bb animation=\u00bboff\u00bb global_colors_info=\u00bb{}\u00bb]Retirada y gesti\u00f3n de los residuos[\/et_pb_blurb][et_pb_blurb use_icon=\u00bbon\u00bb font_icon=\u00bb&#x52;||divi||400&#8243; icon_color=\u00bb#67CE67&#8243; icon_placement=\u00bbleft\u00bb _builder_version=\u00bb4.27.4&#8243; body_font=\u00bb||||||||\u00bb body_text_color=\u00bb#ffffff\u00bb body_font_size=\u00bb20px\u00bb animation=\u00bboff\u00bb global_colors_info=\u00bb{}\u00bb]Aprovecha las ayudas para la retirada del amianto[\/et_pb_blurb][et_pb_text module_class=\u00bblanding_info-truca\u00bb _builder_version=\u00bb4.27.4&#8243; text_font=\u00bb||||||||\u00bb text_text_color=\u00bb#ffffff\u00bb text_font_size=\u00bb30px\u00bb custom_margin=\u00bb58px||\u00bb global_colors_info=\u00bb{}\u00bb]<\/p>\n<p><em>Ll\u00e1manos al<\/em><br \/>\n<span class=\"landing_phone\"><strong>977 44 53 39<\/strong><br \/>\n<strong> 607 33 37 89<\/strong><\/span><\/p>\n<p>[\/et_pb_text][\/et_pb_column][et_pb_column type=\u00bb1_2&#8243; _builder_version=\u00bb4.16&#8243; background_color=\u00bbrgba(78,79,78,0.5)\u00bb custom_padding=\u00bb20px|20px|20px|20px\u00bb global_colors_info=\u00bb{}\u00bb custom_padding__hover=\u00bb|||\u00bb][et_pb_text _builder_version=\u00bb4.24.0&#8243; text_font=\u00bb|700|||||||\u00bb text_text_color=\u00bb#ffffff\u00bb text_font_size=\u00bb22px\u00bb global_colors_info=\u00bb{}\u00bb]\u00a1Te avisamos cuando salga la nueva convocatoria! [\/et_pb_text][et_pb_code module_class=\u00bblanding_formulari\u00bb _builder_version=\u00bb4.24.0&#8243; global_colors_info=\u00bb{}\u00bb]\n<div class=\"wpcf7 no-js\" id=\"wpcf7-f1212-o1\" lang=\"es-ES\" dir=\"ltr\" data-wpcf7-id=\"1212\">\n<div class=\"screen-reader-response\"><p role=\"status\" aria-live=\"polite\" aria-atomic=\"true\"><\/p> <ul><\/ul><\/div>\n<form action=\"\/es\/wp-json\/wp\/v2\/pages\/1213#wpcf7-f1212-o1\" method=\"post\" class=\"wpcf7-form init wpcf7-acceptance-as-validation\" aria-label=\"Formulario de contacto\" novalidate=\"novalidate\" data-status=\"init\">\n<fieldset class=\"hidden-fields-container\"><input type=\"hidden\" name=\"_wpcf7\" value=\"1212\" \/><input type=\"hidden\" name=\"_wpcf7_version\" value=\"6.1.5\" \/><input type=\"hidden\" name=\"_wpcf7_locale\" value=\"es_ES\" \/><input type=\"hidden\" name=\"_wpcf7_unit_tag\" value=\"wpcf7-f1212-o1\" \/><input type=\"hidden\" name=\"_wpcf7_container_post\" value=\"0\" \/><input type=\"hidden\" name=\"_wpcf7_posted_data_hash\" value=\"\" \/><input type=\"hidden\" name=\"_wpcf7_recaptcha_response\" value=\"\" \/>\n<\/fieldset>\n<div class=\"row\">\n\t<div class=\"col-12\">\n\t\t<p><span class=\"wpcf7-form-control-wrap\" data-name=\"your-name\"><input size=\"40\" maxlength=\"400\" class=\"wpcf7-form-control wpcf7-text wpcf7-validates-as-required\" aria-required=\"true\" aria-invalid=\"false\" placeholder=\"Nombre\" value=\"\" type=\"text\" name=\"your-name\" \/><\/span>\n\t\t<\/p>\n\t<\/div>\n\t<div class=\"col-12\">\n\t\t<p><span class=\"wpcf7-form-control-wrap\" data-name=\"telefon\"><input size=\"40\" maxlength=\"400\" class=\"wpcf7-form-control wpcf7-tel wpcf7-validates-as-required wpcf7-text wpcf7-validates-as-tel\" aria-required=\"true\" aria-invalid=\"false\" placeholder=\"Tel\u00e9fono\" value=\"\" type=\"tel\" name=\"telefon\" \/><\/span>\n\t\t<\/p>\n\t<\/div>\n\t<div class=\"col-12\">\n\t\t<p><span class=\"wpcf7-form-control-wrap\" data-name=\"your-email\"><input size=\"40\" maxlength=\"400\" class=\"wpcf7-form-control wpcf7-email wpcf7-validates-as-required wpcf7-text wpcf7-validates-as-email\" aria-required=\"true\" aria-invalid=\"false\" placeholder=\"Correo electr\u00f3nico\" value=\"\" type=\"email\" name=\"your-email\" \/><\/span>\n\t\t<\/p>\n\t<\/div>\n\t<div class=\"col-12\">\n\t\t<p><span class=\"wpcf7-form-control-wrap\" data-name=\"your-message\"><textarea cols=\"40\" rows=\"10\" maxlength=\"2000\" class=\"wpcf7-form-control wpcf7-textarea\" aria-invalid=\"false\" placeholder=\"Mensage\" name=\"your-message\"><\/textarea><\/span>\n\t\t<\/p>\n\t<\/div>\n\t<div class=\"col-12\">\n\t\t<div class=\"legal\">\n\t\t\t<p><span class=\"wpcf7-form-control-wrap\" data-name=\"your-consent\"><span class=\"wpcf7-form-control wpcf7-acceptance\"><span class=\"wpcf7-list-item\"><label><input type=\"checkbox\" name=\"your-consent\" value=\"1\" aria-invalid=\"false\" \/><span class=\"wpcf7-list-item-label\">He le\u00eddo y acepto la <a href=\"https:\/\/www.acamiant.com\/politica-de-privacitat\/\" target=\"_blank\">pol\u00edtica de privacidad<\/a><\/span><\/label><\/span><\/span><\/span>\n\t\t\t<\/p>\n\t\t<\/div>\n\t<\/div>\n\t<div class=\"col-12\">\n\t\t<p><input class=\"wpcf7-form-control wpcf7-submit has-spinner et_pb_contact_submit\" type=\"submit\" value=\"Enviar\" \/>\n\t\t<\/p>\n\t<\/div>\n<\/div><input type='hidden' class='wpcf7-pum' value='{\"closepopup\":false,\"closedelay\":0,\"openpopup\":false,\"openpopup_id\":0}' \/><div class=\"wpcf7-response-output\" aria-hidden=\"true\"><\/div>\n<\/form>\n<\/div>\n[\/et_pb_code][\/et_pb_column][\/et_pb_row][et_pb_row _builder_version=\u00bb4.16&#8243; global_colors_info=\u00bb{}\u00bb][et_pb_column type=\u00bb4_4&#8243; _builder_version=\u00bb4.16&#8243; custom_padding=\u00bb|||\u00bb global_colors_info=\u00bb{}\u00bb custom_padding__hover=\u00bb|||\u00bb][et_pb_text _builder_version=\u00bb4.24.0&#8243; text_font=\u00bb|600|||||||\u00bb text_text_color=\u00bb#ffffff\u00bb text_font_size=\u00bb20px\u00bb text_orientation=\u00bbcenter\u00bb max_width=\u00bb970px\u00bb module_alignment=\u00bbcenter\u00bb global_colors_info=\u00bb{}\u00bb]<\/p>\n<p class=\"landing-p\">En Also Casals somos especialistas con una amplia experiencia en la descontaminaci\u00f3n de amianto. Cont\u00e1ctanos y te informaremos cuando abran de nuevo la convocatoria. Tambi\u00e9n realizamos instalaci\u00f3n de placas fotovoltaicas.<\/p>\n<p>[\/et_pb_text][et_pb_text _builder_version=\u00bb4.24.0&#8243; header_font=\u00bb||||||||\u00bb header_2_font=\u00bb|700|||||||\u00bb header_2_text_align=\u00bbcenter\u00bb header_2_text_color=\u00bb#ffffff\u00bb header_2_font_size=\u00bb40px\u00bb custom_margin=\u00bb||\u00bb custom_padding=\u00bb10px||\u00bb global_colors_info=\u00bb{}\u00bb]<\/p>\n<h2>\u00a1D\u00e9jalo en nuestras manos!<br \/>\u00a1No te quedes sin la subvenci\u00f3n!<\/h2>\n<p>[\/et_pb_text][\/et_pb_column][\/et_pb_row][\/et_pb_section]<\/p>\n","protected":false},"excerpt":{"rendered":"<p>Subvenci\u00f3n retirada de amianto 2026 Pr\u00f3ximamente nuevas ayudas. \u00a1Aprov\u00e9chalo!Particulares y empresas\ue02c Pr\u00f3ximamente nueva convocatoria de ayudas Pr\u00f3ximamente nueva convocatoria de ayudasNos encargamos de todoAsesoramiento legal y t\u00e9cnicoSolicitud de la subvenci\u00f3nTramitaci\u00f3n del plan de descontaminaci\u00f3nObtenci\u00f3n de permisosRetirada y gesti\u00f3n de los residuosAprovecha las ayudas para la retirada del amiantoLl\u00e1manos al 977 44 53 39 607 33 [&hellip;]<\/p>\n","protected":false},"author":2,"featured_media":0,"parent":0,"menu_order":0,"comment_status":"closed","ping_status":"closed","template":"","meta":{"_et_pb_use_builder":"on","_et_pb_old_content":"","_et_gb_content_width":"","footnotes":""},"class_list":["post-1213","page","type-page","status-publish","hentry"],"yoast_head":"<!-- This site is optimized with the Yoast SEO plugin v27.6 - https:\/\/yoast.com\/product\/yoast-seo-wordpress\/ -->\n<title>Subvenci\u00f3n retirada de amianto 2026<\/title>\n<meta name=\"description\" content=\"Subvenci\u00f3n para la retirada de amianto 2026. Aprovecha las nuevas ayudas para este 2025. Nos encargamos de todo. Cont\u00e1ctanos.\" \/>\n<meta name=\"robots\" content=\"index, follow, max-snippet:-1, max-image-preview:large, max-video-preview:-1\" \/>\n<link rel=\"canonical\" href=\"https:\/\/www.acamiant.com\/es\/descontaminacion-amianto-subvencion\/\" \/>\n<meta property=\"og:locale\" content=\"es_ES\" \/>\n<meta property=\"og:type\" content=\"article\" \/>\n<meta property=\"og:title\" content=\"Subvenci\u00f3n retirada de amianto 2026\" \/>\n<meta property=\"og:description\" content=\"Subvenci\u00f3n para la retirada de amianto 2026. Aprovecha las nuevas ayudas para este 2025. Nos encargamos de todo. Cont\u00e1ctanos.\" \/>\n<meta property=\"og:url\" content=\"https:\/\/www.acamiant.com\/es\/descontaminacion-amianto-subvencion\/\" \/>\n<meta property=\"og:site_name\" content=\"Amiant\" \/>\n<meta property=\"article:modified_time\" content=\"2026-04-08T09:06:36+00:00\" \/>\n<meta name=\"twitter:card\" content=\"summary_large_image\" \/>\n<meta name=\"twitter:label1\" content=\"Tiempo de lectura\" \/>\n\t<meta name=\"twitter:data1\" content=\"1 minuto\" \/>\n<script type=\"application\/ld+json\" class=\"yoast-schema-graph\">{\"@context\":\"https:\\\/\\\/schema.org\",\"@graph\":[{\"@type\":\"WebPage\",\"@id\":\"https:\\\/\\\/www.acamiant.com\\\/es\\\/descontaminacion-amianto-subvencion\\\/\",\"url\":\"https:\\\/\\\/www.acamiant.com\\\/es\\\/descontaminacion-amianto-subvencion\\\/\",\"name\":\"Subvenci\u00f3n retirada de amianto 2026\",\"isPartOf\":{\"@id\":\"https:\\\/\\\/www.acamiant.com\\\/#website\"},\"datePublished\":\"2020-07-09T09:11:36+00:00\",\"dateModified\":\"2026-04-08T09:06:36+00:00\",\"description\":\"Subvenci\u00f3n para la retirada de amianto 2026. Aprovecha las nuevas ayudas para este 2025. Nos encargamos de todo. Cont\u00e1ctanos.\",\"breadcrumb\":{\"@id\":\"https:\\\/\\\/www.acamiant.com\\\/es\\\/descontaminacion-amianto-subvencion\\\/#breadcrumb\"},\"inLanguage\":\"es\",\"potentialAction\":[{\"@type\":\"ReadAction\",\"target\":[\"https:\\\/\\\/www.acamiant.com\\\/es\\\/descontaminacion-amianto-subvencion\\\/\"]}]},{\"@type\":\"BreadcrumbList\",\"@id\":\"https:\\\/\\\/www.acamiant.com\\\/es\\\/descontaminacion-amianto-subvencion\\\/#breadcrumb\",\"itemListElement\":[{\"@type\":\"ListItem\",\"position\":1,\"name\":\"Portada\",\"item\":\"https:\\\/\\\/www.acamiant.com\\\/\"},{\"@type\":\"ListItem\",\"position\":2,\"name\":\"Descontaminaci\u00f3n de amianto Subvenci\u00f3n de hasta 30.000 \u20ac\"}]},{\"@type\":\"WebSite\",\"@id\":\"https:\\\/\\\/www.acamiant.com\\\/#website\",\"url\":\"https:\\\/\\\/www.acamiant.com\\\/\",\"name\":\"Amiant\",\"description\":\"\",\"potentialAction\":[{\"@type\":\"SearchAction\",\"target\":{\"@type\":\"EntryPoint\",\"urlTemplate\":\"https:\\\/\\\/www.acamiant.com\\\/?s={search_term_string}\"},\"query-input\":{\"@type\":\"PropertyValueSpecification\",\"valueRequired\":true,\"valueName\":\"search_term_string\"}}],\"inLanguage\":\"es\"}]}<\/script>\n<!-- \/ Yoast SEO plugin. -->","yoast_head_json":{"title":"Subvenci\u00f3n retirada de amianto 2026","description":"Subvenci\u00f3n para la retirada de amianto 2026. Aprovecha las nuevas ayudas para este 2025. Nos encargamos de todo. Cont\u00e1ctanos.","robots":{"index":"index","follow":"follow","max-snippet":"max-snippet:-1","max-image-preview":"max-image-preview:large","max-video-preview":"max-video-preview:-1"},"canonical":"https:\/\/www.acamiant.com\/es\/descontaminacion-amianto-subvencion\/","og_locale":"es_ES","og_type":"article","og_title":"Subvenci\u00f3n retirada de amianto 2026","og_description":"Subvenci\u00f3n para la retirada de amianto 2026. Aprovecha las nuevas ayudas para este 2025. Nos encargamos de todo. Cont\u00e1ctanos.","og_url":"https:\/\/www.acamiant.com\/es\/descontaminacion-amianto-subvencion\/","og_site_name":"Amiant","article_modified_time":"2026-04-08T09:06:36+00:00","twitter_card":"summary_large_image","twitter_misc":{"Tiempo de lectura":"1 minuto"},"schema":{"@context":"https:\/\/schema.org","@graph":[{"@type":"WebPage","@id":"https:\/\/www.acamiant.com\/es\/descontaminacion-amianto-subvencion\/","url":"https:\/\/www.acamiant.com\/es\/descontaminacion-amianto-subvencion\/","name":"Subvenci\u00f3n retirada de amianto 2026","isPartOf":{"@id":"https:\/\/www.acamiant.com\/#website"},"datePublished":"2020-07-09T09:11:36+00:00","dateModified":"2026-04-08T09:06:36+00:00","description":"Subvenci\u00f3n para la retirada de amianto 2026. Aprovecha las nuevas ayudas para este 2025. Nos encargamos de todo. Cont\u00e1ctanos.","breadcrumb":{"@id":"https:\/\/www.acamiant.com\/es\/descontaminacion-amianto-subvencion\/#breadcrumb"},"inLanguage":"es","potentialAction":[{"@type":"ReadAction","target":["https:\/\/www.acamiant.com\/es\/descontaminacion-amianto-subvencion\/"]}]},{"@type":"BreadcrumbList","@id":"https:\/\/www.acamiant.com\/es\/descontaminacion-amianto-subvencion\/#breadcrumb","itemListElement":[{"@type":"ListItem","position":1,"name":"Portada","item":"https:\/\/www.acamiant.com\/"},{"@type":"ListItem","position":2,"name":"Descontaminaci\u00f3n de amianto Subvenci\u00f3n de hasta 30.000 \u20ac"}]},{"@type":"WebSite","@id":"https:\/\/www.acamiant.com\/#website","url":"https:\/\/www.acamiant.com\/","name":"Amiant","description":"","potentialAction":[{"@type":"SearchAction","target":{"@type":"EntryPoint","urlTemplate":"https:\/\/www.acamiant.com\/?s={search_term_string}"},"query-input":{"@type":"PropertyValueSpecification","valueRequired":true,"valueName":"search_term_string"}}],"inLanguage":"es"}]}},"_links":{"self":[{"href":"https:\/\/www.acamiant.com\/es\/wp-json\/wp\/v2\/pages\/1213","targetHints":{"allow":["GET"]}}],"collection":[{"href":"https:\/\/www.acamiant.com\/es\/wp-json\/wp\/v2\/pages"}],"about":[{"href":"https:\/\/www.acamiant.com\/es\/wp-json\/wp\/v2\/types\/page"}],"author":[{"embeddable":true,"href":"https:\/\/www.acamiant.com\/es\/wp-json\/wp\/v2\/users\/2"}],"replies":[{"embeddable":true,"href":"https:\/\/www.acamiant.com\/es\/wp-json\/wp\/v2\/comments?post=1213"}],"version-history":[{"count":62,"href":"https:\/\/www.acamiant.com\/es\/wp-json\/wp\/v2\/pages\/1213\/revisions"}],"predecessor-version":[{"id":7207,"href":"https:\/\/www.acamiant.com\/es\/wp-json\/wp\/v2\/pages\/1213\/revisions\/7207"}],"wp:attachment":[{"href":"https:\/\/www.acamiant.com\/es\/wp-json\/wp\/v2\/media?parent=1213"}],"curies":[{"name":"wp","href":"https:\/\/api.w.org\/{rel}","templated":true}]}}