{"id":1419,"date":"2022-02-10T19:32:31","date_gmt":"2022-02-10T17:32:31","guid":{"rendered":"https:\/\/www.acamiant.com\/soluciones\/"},"modified":"2022-02-16T14:58:23","modified_gmt":"2022-02-16T12:58:23","slug":"soluciones","status":"publish","type":"page","link":"https:\/\/www.acamiant.com\/es\/soluciones\/","title":{"rendered":"Soluciones"},"content":{"rendered":"<p>[et_pb_section fb_built=\u00bb1&#8243; admin_label=\u00bbsection\u00bb _builder_version=\u00bb4.14.7&#8243; background_image=\u00bbhttps:\/\/www.acamiant.com\/wp-content\/uploads\/2022\/02\/impermeabilitzacions.jpg\u00bb custom_padding=\u00bb||48px||false|false\u00bb global_colors_info=\u00bb{}\u00bb][et_pb_row admin_label=\u00bbrow\u00bb _builder_version=\u00bb3.25&#8243; background_size=\u00bbinitial\u00bb background_position=\u00bbtop_left\u00bb background_repeat=\u00bbrepeat\u00bb global_colors_info=\u00bb{}\u00bb][et_pb_column type=\u00bb4_4&#8243; _builder_version=\u00bb3.25&#8243; custom_padding=\u00bb|||\u00bb global_colors_info=\u00bb{}\u00bb custom_padding__hover=\u00bb|||\u00bb][et_pb_text _builder_version=\u00bb4.14.7&#8243; _module_preset=\u00bbdefault\u00bb header_text_color=\u00bb#FFFFFF\u00bb global_colors_info=\u00bb{}\u00bb]<\/p>\n<h1>Soluciones AC Amiant<\/h1>\n<p>[\/et_pb_text][\/et_pb_column][\/et_pb_row][\/et_pb_section][et_pb_section fb_built=\u00bb1&#8243; _builder_version=\u00bb4.14.7&#8243; _module_preset=\u00bbdefault\u00bb global_colors_info=\u00bb{}\u00bb][et_pb_row _builder_version=\u00bb4.14.7&#8243; _module_preset=\u00bbdefault\u00bb global_colors_info=\u00bb{}\u00bb][et_pb_column type=\u00bb4_4&#8243; _builder_version=\u00bb4.14.7&#8243; _module_preset=\u00bbdefault\u00bb global_colors_info=\u00bb{}\u00bb][et_pb_text _builder_version=\u00bb4.14.7&#8243; _module_preset=\u00bbdefault\u00bb max_width=\u00bb800px\u00bb module_alignment=\u00bbcenter\u00bb global_colors_info=\u00bb{}\u00bb]<\/p>\n<p>En AC Amiant tenemos una amplia experiencia en la eliminaci\u00f3n de amianto friable y no friable. Realizamos desde trabajos de desamiantado en grandes instalaciones a tareas de retirada de fibrocemento (uralita) en cubiertas, cumbreras, canaleras, dep\u00f3sitos, bajantes, descontaminaci\u00f3n tras un incendio, etc. Nuestros m\u00e9todos de trabajo garantizan la eliminaci\u00f3n del 100% del amianto sin emisi\u00f3n de fibras contaminantes al ambiente.<\/p>\n<p>[\/et_pb_text][\/et_pb_column][\/et_pb_row][et_pb_row column_structure=\u00bb1_3,1_3,1_3&#8243; use_custom_gutter=\u00bbon\u00bb gutter_width=\u00bb4&#8243; module_class=\u00bbsolucions__icones\u00bb _builder_version=\u00bb4.14.7&#8243; _module_preset=\u00bbdefault\u00bb global_colors_info=\u00bb{}\u00bb][et_pb_column type=\u00bb1_3&#8243; _builder_version=\u00bb4.14.7&#8243; _module_preset=\u00bbdefault\u00bb global_colors_info=\u00bb{}\u00bb][et_pb_blurb title=\u00bbDescontaminaciones de amianto y fibrocemento\u00bb image=\u00bbhttps:\/\/www.acamiant.com\/wp-content\/uploads\/2022\/02\/ALSO_F_CASALS_amiant_Mesa_de_trabajo_1_copia.png\u00bb _builder_version=\u00bb4.14.7&#8243; _module_preset=\u00bbdefault\u00bb header_text_align=\u00bbcenter\u00bb header_font_size=\u00bb22px\u00bb animation=\u00bboff\u00bb link_option_url=\u00bbhttps:\/\/www.acamiant.com\/es\/soluciones\/descontaminaciones\/\u00bb hover_enabled=\u00bb0&#8243; global_colors_info=\u00bb{}\u00bb title_text=\u00bbALSO_F_CASALS_amiant_Mesa_de_trabajo_1_copia\u00bb sticky_enabled=\u00bb0&#8243;]<a href=\"https:\/\/www.acamiant.com\/es\/soluciones\/descontaminaciones\/\" class=\"button-problemes-amiant\">Ver m\u00e1s<\/a>[\/et_pb_blurb][\/et_pb_column][et_pb_column type=\u00bb1_3&#8243; _builder_version=\u00bb4.14.7&#8243; _module_preset=\u00bbdefault\u00bb global_colors_info=\u00bb{}\u00bb][et_pb_blurb title=\u00bbCierres industriales e impermeabilizaci\u00f3n de l\u00e1minas asf\u00e1lticas y sint\u00e9ticas\u00bb image=\u00bbhttps:\/\/www.acamiant.com\/wp-content\/uploads\/2022\/02\/ALSO_F_CASALS_amiant_Mesa_de_trabajo_1.png\u00bb _builder_version=\u00bb4.14.7&#8243; _module_preset=\u00bbdefault\u00bb header_text_align=\u00bbcenter\u00bb header_font_size=\u00bb22px\u00bb animation=\u00bboff\u00bb link_option_url=\u00bbhttps:\/\/www.acamiant.com\/es\/soluciones\/cierres-industriales-e-impermeabilizacion\/\u00bb hover_enabled=\u00bb0&#8243; global_colors_info=\u00bb{}\u00bb title_text=\u00bbALSO_F_CASALS_amiant_Mesa_de_trabajo_1&#8243; sticky_enabled=\u00bb0&#8243;]<a href=\"https:\/\/www.acamiant.com\/es\/soluciones\/cierres-industriales-e-impermeabilizacion\/\" class=\"button-problemes-amiant\">Ver m\u00e1s<\/a>[\/et_pb_blurb][\/et_pb_column][et_pb_column type=\u00bb1_3&#8243; _builder_version=\u00bb4.14.7&#8243; _module_preset=\u00bbdefault\u00bb global_colors_info=\u00bb{}\u00bb][et_pb_blurb title=\u00bbL\u00edneas de vida y sistemas de seguridad antica\u00eddas\u00bb image=\u00bbhttps:\/\/www.acamiant.com\/wp-content\/uploads\/2022\/02\/ALSO_F_CASALS_amiant_Mesa_de_trabajo_1_copia_2.png\u00bb _builder_version=\u00bb4.14.7&#8243; _module_preset=\u00bbdefault\u00bb header_text_align=\u00bbcenter\u00bb header_font_size=\u00bb22px\u00bb animation=\u00bboff\u00bb link_option_url=\u00bbhttps:\/\/www.acamiant.com\/es\/soluciones\/lineas-de-vida\/\u00bb hover_enabled=\u00bb0&#8243; global_colors_info=\u00bb{}\u00bb title_text=\u00bbALSO_F_CASALS_amiant_Mesa_de_trabajo_1_copia_2&#8243; sticky_enabled=\u00bb0&#8243;]<\/p>\n<h4><a href=\"https:\/\/www.acamiant.com\/es\/soluciones\/\" class=\"button-problemes-amiant\">Ver m\u00e1s<\/a><\/h4>\n<p>[\/et_pb_blurb][\/et_pb_column][\/et_pb_row][\/et_pb_section]<\/p>\n","protected":false},"excerpt":{"rendered":"<p>Soluciones AC AmiantEn AC Amiant tenemos una amplia experiencia en la eliminaci\u00f3n de amianto friable y no friable. Realizamos desde trabajos de desamiantado en grandes instalaciones a tareas de retirada de fibrocemento (uralita) en cubiertas, cumbreras, canaleras, dep\u00f3sitos, bajantes, descontaminaci\u00f3n tras un incendio, etc. Nuestros m\u00e9todos de trabajo garantizan la eliminaci\u00f3n del 100% del amianto [&hellip;]<\/p>\n","protected":false},"author":2,"featured_media":0,"parent":0,"menu_order":0,"comment_status":"closed","ping_status":"closed","template":"","meta":{"_et_pb_use_builder":"on","_et_pb_old_content":"","_et_gb_content_width":"","footnotes":""},"class_list":["post-1419","page","type-page","status-publish","hentry"],"yoast_head":"<!-- This site is optimized with the Yoast SEO plugin v27.6 - https:\/\/yoast.com\/product\/yoast-seo-wordpress\/ -->\n<title>Soluciones - Amiant<\/title>\n<meta name=\"robots\" content=\"noindex, follow\" \/>\n<meta property=\"og:locale\" content=\"es_ES\" \/>\n<meta property=\"og:type\" content=\"article\" \/>\n<meta property=\"og:title\" content=\"Soluciones - Amiant\" \/>\n<meta property=\"og:description\" content=\"Soluciones AC AmiantEn AC Amiant tenemos una amplia experiencia en la eliminaci\u00f3n de amianto friable y no friable. Realizamos desde trabajos de desamiantado en grandes instalaciones a tareas de retirada de fibrocemento (uralita) en cubiertas, cumbreras, canaleras, dep\u00f3sitos, bajantes, descontaminaci\u00f3n tras un incendio, etc. Nuestros m\u00e9todos de trabajo garantizan la eliminaci\u00f3n del 100% del amianto [&hellip;]\" \/>\n<meta property=\"og:url\" content=\"https:\/\/www.acamiant.com\/es\/soluciones\/\" \/>\n<meta property=\"og:site_name\" content=\"Amiant\" \/>\n<meta property=\"article:modified_time\" content=\"2022-02-16T12:58:23+00:00\" \/>\n<meta name=\"twitter:card\" content=\"summary_large_image\" \/>\n<meta name=\"twitter:label1\" content=\"Tiempo de lectura\" \/>\n\t<meta name=\"twitter:data1\" content=\"3 minutos\" \/>\n<script type=\"application\/ld+json\" class=\"yoast-schema-graph\">{\"@context\":\"https:\\\/\\\/schema.org\",\"@graph\":[{\"@type\":\"WebPage\",\"@id\":\"https:\\\/\\\/www.acamiant.com\\\/es\\\/soluciones\\\/\",\"url\":\"https:\\\/\\\/www.acamiant.com\\\/es\\\/soluciones\\\/\",\"name\":\"Soluciones - Amiant\",\"isPartOf\":{\"@id\":\"https:\\\/\\\/www.acamiant.com\\\/#website\"},\"datePublished\":\"2022-02-10T17:32:31+00:00\",\"dateModified\":\"2022-02-16T12:58:23+00:00\",\"breadcrumb\":{\"@id\":\"https:\\\/\\\/www.acamiant.com\\\/es\\\/soluciones\\\/#breadcrumb\"},\"inLanguage\":\"es\",\"potentialAction\":[{\"@type\":\"ReadAction\",\"target\":[\"https:\\\/\\\/www.acamiant.com\\\/es\\\/soluciones\\\/\"]}]},{\"@type\":\"BreadcrumbList\",\"@id\":\"https:\\\/\\\/www.acamiant.com\\\/es\\\/soluciones\\\/#breadcrumb\",\"itemListElement\":[{\"@type\":\"ListItem\",\"position\":1,\"name\":\"Portada\",\"item\":\"https:\\\/\\\/www.acamiant.com\\\/\"},{\"@type\":\"ListItem\",\"position\":2,\"name\":\"Soluciones\"}]},{\"@type\":\"WebSite\",\"@id\":\"https:\\\/\\\/www.acamiant.com\\\/#website\",\"url\":\"https:\\\/\\\/www.acamiant.com\\\/\",\"name\":\"Amiant\",\"description\":\"\",\"potentialAction\":[{\"@type\":\"SearchAction\",\"target\":{\"@type\":\"EntryPoint\",\"urlTemplate\":\"https:\\\/\\\/www.acamiant.com\\\/?s={search_term_string}\"},\"query-input\":{\"@type\":\"PropertyValueSpecification\",\"valueRequired\":true,\"valueName\":\"search_term_string\"}}],\"inLanguage\":\"es\"}]}<\/script>\n<!-- \/ Yoast SEO plugin. -->","yoast_head_json":{"title":"Soluciones - Amiant","robots":{"index":"noindex","follow":"follow"},"og_locale":"es_ES","og_type":"article","og_title":"Soluciones - Amiant","og_description":"Soluciones AC AmiantEn AC Amiant tenemos una amplia experiencia en la eliminaci\u00f3n de amianto friable y no friable. Realizamos desde trabajos de desamiantado en grandes instalaciones a tareas de retirada de fibrocemento (uralita) en cubiertas, cumbreras, canaleras, dep\u00f3sitos, bajantes, descontaminaci\u00f3n tras un incendio, etc. Nuestros m\u00e9todos de trabajo garantizan la eliminaci\u00f3n del 100% del amianto [&hellip;]","og_url":"https:\/\/www.acamiant.com\/es\/soluciones\/","og_site_name":"Amiant","article_modified_time":"2022-02-16T12:58:23+00:00","twitter_card":"summary_large_image","twitter_misc":{"Tiempo de lectura":"3 minutos"},"schema":{"@context":"https:\/\/schema.org","@graph":[{"@type":"WebPage","@id":"https:\/\/www.acamiant.com\/es\/soluciones\/","url":"https:\/\/www.acamiant.com\/es\/soluciones\/","name":"Soluciones - Amiant","isPartOf":{"@id":"https:\/\/www.acamiant.com\/#website"},"datePublished":"2022-02-10T17:32:31+00:00","dateModified":"2022-02-16T12:58:23+00:00","breadcrumb":{"@id":"https:\/\/www.acamiant.com\/es\/soluciones\/#breadcrumb"},"inLanguage":"es","potentialAction":[{"@type":"ReadAction","target":["https:\/\/www.acamiant.com\/es\/soluciones\/"]}]},{"@type":"BreadcrumbList","@id":"https:\/\/www.acamiant.com\/es\/soluciones\/#breadcrumb","itemListElement":[{"@type":"ListItem","position":1,"name":"Portada","item":"https:\/\/www.acamiant.com\/"},{"@type":"ListItem","position":2,"name":"Soluciones"}]},{"@type":"WebSite","@id":"https:\/\/www.acamiant.com\/#website","url":"https:\/\/www.acamiant.com\/","name":"Amiant","description":"","potentialAction":[{"@type":"SearchAction","target":{"@type":"EntryPoint","urlTemplate":"https:\/\/www.acamiant.com\/?s={search_term_string}"},"query-input":{"@type":"PropertyValueSpecification","valueRequired":true,"valueName":"search_term_string"}}],"inLanguage":"es"}]}},"_links":{"self":[{"href":"https:\/\/www.acamiant.com\/es\/wp-json\/wp\/v2\/pages\/1419","targetHints":{"allow":["GET"]}}],"collection":[{"href":"https:\/\/www.acamiant.com\/es\/wp-json\/wp\/v2\/pages"}],"about":[{"href":"https:\/\/www.acamiant.com\/es\/wp-json\/wp\/v2\/types\/page"}],"author":[{"embeddable":true,"href":"https:\/\/www.acamiant.com\/es\/wp-json\/wp\/v2\/users\/2"}],"replies":[{"embeddable":true,"href":"https:\/\/www.acamiant.com\/es\/wp-json\/wp\/v2\/comments?post=1419"}],"version-history":[{"count":15,"href":"https:\/\/www.acamiant.com\/es\/wp-json\/wp\/v2\/pages\/1419\/revisions"}],"predecessor-version":[{"id":1492,"href":"https:\/\/www.acamiant.com\/es\/wp-json\/wp\/v2\/pages\/1419\/revisions\/1492"}],"wp:attachment":[{"href":"https:\/\/www.acamiant.com\/es\/wp-json\/wp\/v2\/media?parent=1419"}],"curies":[{"name":"wp","href":"https:\/\/api.w.org\/{rel}","templated":true}]}}