{"id":147,"date":"2018-04-26T13:26:49","date_gmt":"2018-04-26T13:26:49","guid":{"rendered":"https:\/\/www.acamiant.com\/empresa\/"},"modified":"2022-02-22T12:44:51","modified_gmt":"2022-02-22T10:44:51","slug":"empresa","status":"publish","type":"page","link":"https:\/\/www.acamiant.com\/es\/empresa\/","title":{"rendered":"Qui\u00e9nes somos"},"content":{"rendered":"<p>[et_pb_section fb_built=\u00bb1&#8243; fullwidth=\u00bbon\u00bb _builder_version=\u00bb4.14.8&#8243; background_color=\u00bbrgba(0,0,0,0.5)\u00bb background_image=\u00bbhttps:\/\/www.acamiant.com\/wp-content\/uploads\/2022\/02\/empresa-slider.jpg\u00bb background_blend=\u00bbmultiply\u00bb global_colors_info=\u00bb{}\u00bb][et_pb_fullwidth_header title=\u00bbQui\u00e9nes somos\u00bb _builder_version=\u00bb4.14.8&#8243; background_enable_color=\u00bboff\u00bb background_layout=\u00bblight\u00bb hover_enabled=\u00bb0&#8243; global_colors_info=\u00bb{}\u00bb button_one_text_size__hover_enabled=\u00bboff\u00bb button_two_text_size__hover_enabled=\u00bboff\u00bb button_one_text_color__hover_enabled=\u00bboff\u00bb button_two_text_color__hover_enabled=\u00bboff\u00bb button_one_border_width__hover_enabled=\u00bboff\u00bb button_two_border_width__hover_enabled=\u00bboff\u00bb button_one_border_color__hover_enabled=\u00bboff\u00bb button_two_border_color__hover_enabled=\u00bboff\u00bb button_one_border_radius__hover_enabled=\u00bboff\u00bb button_two_border_radius__hover_enabled=\u00bboff\u00bb button_one_letter_spacing__hover_enabled=\u00bboff\u00bb button_two_letter_spacing__hover_enabled=\u00bboff\u00bb button_one_bg_color__hover_enabled=\u00bboff\u00bb button_two_bg_color__hover_enabled=\u00bboff\u00bb title_text_color=\u00bb#FFFFFF\u00bb sticky_enabled=\u00bb0&#8243;][\/et_pb_fullwidth_header][\/et_pb_section][et_pb_section fb_built=\u00bb1&#8243; module_class=\u00bbfirst-row-page\u00bb _builder_version=\u00bb3.22&#8243; global_colors_info=\u00bb{}\u00bb][et_pb_row column_structure=\u00bb1_2,1_2&#8243; _builder_version=\u00bb3.25&#8243; global_colors_info=\u00bb{}\u00bb][et_pb_column type=\u00bb1_2&#8243; _builder_version=\u00bb3.25&#8243; custom_padding=\u00bb|||\u00bb global_colors_info=\u00bb{}\u00bb custom_padding__hover=\u00bb|||\u00bb][et_pb_text _builder_version=\u00bb4.14.7&#8243; global_colors_info=\u00bb{}\u00bb]<\/p>\n<p>AC Amiant es la Unidad de Negocios de Also Casals que tiene la misi\u00f3n de Integrar soluciones innovadoras en el \u00e1mbito de la <strong>retirada y descontaminaci\u00f3n de amianto<\/strong>, con capacidad para asumir proyectos complejos de forma \u00e1gil, respondiendo as\u00ed a las necesidades del cliente con un equipo t\u00e9cnico, especializado, experto y formado espec\u00edficamente en los \u00e1mbitos de actuaci\u00f3n siguientes:<\/p>\n<ul>\n<li>Asesoramiento a empresas para la elaboraci\u00f3n de proyectos a corto y mediano plazo para la retirada o sustituci\u00f3n de amianto y fibrocemento.<\/li>\n<li>Retirada de amianto y fibrocemento y el tratamiento de los residuos t\u00f3xicos al vertedero autorizado, siguiendo los protocolos de seguridad establecidos.<\/li>\n<li>Descontaminaciones de amianto y fibrocemento en todo tipo de instalaciones y construcciones, especialmente en demoliciones, obras de rehabilitaci\u00f3n, reparaci\u00f3n y mantenimiento.<\/li>\n<li>Cerramientos industriales e impermeabilizaci\u00f3n en todo tipo de construcciones y edificios l\u00edneas de vida y sistemas de seguridad antica\u00eddas.<\/li>\n<\/ul>\n<p>Los trabajos de <strong>AC Amiant<\/strong> cubre el \u00e1mbito geogr\u00e1fico de todo el territorio catal\u00e1n y zonas de las comunidades aut\u00f3nomas de Arag\u00f3n y Valenciana.<\/p>\n<p>Also Casals cumple con todos los requisitos previstos por el RD 396\/2006 y otras normativas vigentes sobre empresas que realizan trabajos con riesgo de amianto. Por eso se encuentra inscrita en el Registro de Empresas con Riesgo de Amianto (RERA).<\/p>\n<p>[\/et_pb_text][\/et_pb_column][et_pb_column type=\u00bb1_2&#8243; _builder_version=\u00bb3.25&#8243; custom_padding=\u00bb|||\u00bb global_colors_info=\u00bb{}\u00bb custom_padding__hover=\u00bb|||\u00bb][et_pb_image src=\u00bbhttps:\/\/www.acamiant.com\/wp-content\/uploads\/2022\/02\/empresa-meitat.jpg\u00bb title_text=\u00bbempresa-meitat\u00bb align=\u00bbcenter\u00bb align_tablet=\u00bbcenter\u00bb align_phone=\u00bbcenter\u00bb align_last_edited=\u00bbon|desktop\u00bb _builder_version=\u00bb4.14.8&#8243; hover_enabled=\u00bb0&#8243; always_center_on_mobile=\u00bbon\u00bb global_colors_info=\u00bb{}\u00bb sticky_enabled=\u00bb0&#8243;][\/et_pb_image][\/et_pb_column][\/et_pb_row][\/et_pb_section]<\/p>\n","protected":false},"excerpt":{"rendered":"<p>AC Amiant es la Unidad de Negocios de Also Casals que tiene la misi\u00f3n de Integrar soluciones innovadoras en el \u00e1mbito de la retirada y descontaminaci\u00f3n de amianto, con capacidad para asumir proyectos complejos de forma \u00e1gil, respondiendo as\u00ed a las necesidades del cliente con un equipo t\u00e9cnico, especializado, experto y formado espec\u00edficamente en los [&hellip;]<\/p>\n","protected":false},"author":2,"featured_media":0,"parent":0,"menu_order":0,"comment_status":"closed","ping_status":"closed","template":"","meta":{"_et_pb_use_builder":"on","_et_pb_old_content":"","_et_gb_content_width":"","footnotes":""},"class_list":["post-147","page","type-page","status-publish","hentry"],"yoast_head":"<!-- This site is optimized with the Yoast SEO plugin v27.4 - https:\/\/yoast.com\/product\/yoast-seo-wordpress\/ -->\n<title>Qui\u00e9nes somos | Conozca nuestras soluciones | AC Amiant<\/title>\n<meta name=\"description\" content=\"AC Amiant es el departamento especializado en descontaminaci\u00f3n de amianto de Also Casals Instal\u00b7lacions SL, empresa con m\u00e1s de 20 a\u00f1os de experiencia.\" \/>\n<meta name=\"robots\" content=\"index, follow, max-snippet:-1, max-image-preview:large, max-video-preview:-1\" \/>\n<link rel=\"canonical\" href=\"https:\/\/www.acamiant.com\/empresa\/\" \/>\n<meta property=\"og:locale\" content=\"es_ES\" \/>\n<meta property=\"og:type\" content=\"article\" \/>\n<meta property=\"og:title\" content=\"Qui\u00e9nes somos | Conozca nuestras soluciones | AC Amiant\" \/>\n<meta property=\"og:description\" content=\"AC Amiant es el departamento especializado en descontaminaci\u00f3n de amianto de Also Casals Instal\u00b7lacions SL, empresa con m\u00e1s de 20 a\u00f1os de experiencia.\" \/>\n<meta property=\"og:url\" content=\"https:\/\/www.acamiant.com\/empresa\/\" \/>\n<meta property=\"og:site_name\" content=\"Amiant\" \/>\n<meta property=\"article:modified_time\" content=\"2022-02-22T10:44:51+00:00\" \/>\n<meta name=\"twitter:card\" content=\"summary_large_image\" \/>\n<meta name=\"twitter:label1\" content=\"Tiempo de lectura\" \/>\n\t<meta name=\"twitter:data1\" content=\"3 minutos\" \/>\n<script type=\"application\/ld+json\" class=\"yoast-schema-graph\">{\"@context\":\"https:\\\/\\\/schema.org\",\"@graph\":[{\"@type\":\"WebPage\",\"@id\":\"https:\\\/\\\/www.acamiant.com\\\/empresa\\\/\",\"url\":\"https:\\\/\\\/www.acamiant.com\\\/empresa\\\/\",\"name\":\"Qui\u00e9nes somos | Conozca nuestras soluciones | AC Amiant\",\"isPartOf\":{\"@id\":\"https:\\\/\\\/www.acamiant.com\\\/#website\"},\"datePublished\":\"2018-04-26T13:26:49+00:00\",\"dateModified\":\"2022-02-22T10:44:51+00:00\",\"description\":\"AC Amiant es el departamento especializado en descontaminaci\u00f3n de amianto de Also Casals Instal\u00b7lacions SL, empresa con m\u00e1s de 20 a\u00f1os de experiencia.\",\"breadcrumb\":{\"@id\":\"https:\\\/\\\/www.acamiant.com\\\/empresa\\\/#breadcrumb\"},\"inLanguage\":\"es\",\"potentialAction\":[{\"@type\":\"ReadAction\",\"target\":[\"https:\\\/\\\/www.acamiant.com\\\/empresa\\\/\"]}]},{\"@type\":\"BreadcrumbList\",\"@id\":\"https:\\\/\\\/www.acamiant.com\\\/empresa\\\/#breadcrumb\",\"itemListElement\":[{\"@type\":\"ListItem\",\"position\":1,\"name\":\"Portada\",\"item\":\"https:\\\/\\\/www.acamiant.com\\\/\"},{\"@type\":\"ListItem\",\"position\":2,\"name\":\"Qui\u00e9nes somos\"}]},{\"@type\":\"WebSite\",\"@id\":\"https:\\\/\\\/www.acamiant.com\\\/#website\",\"url\":\"https:\\\/\\\/www.acamiant.com\\\/\",\"name\":\"Amiant\",\"description\":\"\",\"potentialAction\":[{\"@type\":\"SearchAction\",\"target\":{\"@type\":\"EntryPoint\",\"urlTemplate\":\"https:\\\/\\\/www.acamiant.com\\\/?s={search_term_string}\"},\"query-input\":{\"@type\":\"PropertyValueSpecification\",\"valueRequired\":true,\"valueName\":\"search_term_string\"}}],\"inLanguage\":\"es\"}]}<\/script>\n<!-- \/ Yoast SEO plugin. -->","yoast_head_json":{"title":"Qui\u00e9nes somos | Conozca nuestras soluciones | AC Amiant","description":"AC Amiant es el departamento especializado en descontaminaci\u00f3n de amianto de Also Casals Instal\u00b7lacions SL, empresa con m\u00e1s de 20 a\u00f1os de experiencia.","robots":{"index":"index","follow":"follow","max-snippet":"max-snippet:-1","max-image-preview":"max-image-preview:large","max-video-preview":"max-video-preview:-1"},"canonical":"https:\/\/www.acamiant.com\/empresa\/","og_locale":"es_ES","og_type":"article","og_title":"Qui\u00e9nes somos | Conozca nuestras soluciones | AC Amiant","og_description":"AC Amiant es el departamento especializado en descontaminaci\u00f3n de amianto de Also Casals Instal\u00b7lacions SL, empresa con m\u00e1s de 20 a\u00f1os de experiencia.","og_url":"https:\/\/www.acamiant.com\/empresa\/","og_site_name":"Amiant","article_modified_time":"2022-02-22T10:44:51+00:00","twitter_card":"summary_large_image","twitter_misc":{"Tiempo de lectura":"3 minutos"},"schema":{"@context":"https:\/\/schema.org","@graph":[{"@type":"WebPage","@id":"https:\/\/www.acamiant.com\/empresa\/","url":"https:\/\/www.acamiant.com\/empresa\/","name":"Qui\u00e9nes somos | Conozca nuestras soluciones | AC Amiant","isPartOf":{"@id":"https:\/\/www.acamiant.com\/#website"},"datePublished":"2018-04-26T13:26:49+00:00","dateModified":"2022-02-22T10:44:51+00:00","description":"AC Amiant es el departamento especializado en descontaminaci\u00f3n de amianto de Also Casals Instal\u00b7lacions SL, empresa con m\u00e1s de 20 a\u00f1os de experiencia.","breadcrumb":{"@id":"https:\/\/www.acamiant.com\/empresa\/#breadcrumb"},"inLanguage":"es","potentialAction":[{"@type":"ReadAction","target":["https:\/\/www.acamiant.com\/empresa\/"]}]},{"@type":"BreadcrumbList","@id":"https:\/\/www.acamiant.com\/empresa\/#breadcrumb","itemListElement":[{"@type":"ListItem","position":1,"name":"Portada","item":"https:\/\/www.acamiant.com\/"},{"@type":"ListItem","position":2,"name":"Qui\u00e9nes somos"}]},{"@type":"WebSite","@id":"https:\/\/www.acamiant.com\/#website","url":"https:\/\/www.acamiant.com\/","name":"Amiant","description":"","potentialAction":[{"@type":"SearchAction","target":{"@type":"EntryPoint","urlTemplate":"https:\/\/www.acamiant.com\/?s={search_term_string}"},"query-input":{"@type":"PropertyValueSpecification","valueRequired":true,"valueName":"search_term_string"}}],"inLanguage":"es"}]}},"_links":{"self":[{"href":"https:\/\/www.acamiant.com\/es\/wp-json\/wp\/v2\/pages\/147","targetHints":{"allow":["GET"]}}],"collection":[{"href":"https:\/\/www.acamiant.com\/es\/wp-json\/wp\/v2\/pages"}],"about":[{"href":"https:\/\/www.acamiant.com\/es\/wp-json\/wp\/v2\/types\/page"}],"author":[{"embeddable":true,"href":"https:\/\/www.acamiant.com\/es\/wp-json\/wp\/v2\/users\/2"}],"replies":[{"embeddable":true,"href":"https:\/\/www.acamiant.com\/es\/wp-json\/wp\/v2\/comments?post=147"}],"version-history":[{"count":16,"href":"https:\/\/www.acamiant.com\/es\/wp-json\/wp\/v2\/pages\/147\/revisions"}],"predecessor-version":[{"id":1507,"href":"https:\/\/www.acamiant.com\/es\/wp-json\/wp\/v2\/pages\/147\/revisions\/1507"}],"wp:attachment":[{"href":"https:\/\/www.acamiant.com\/es\/wp-json\/wp\/v2\/media?parent=147"}],"curies":[{"name":"wp","href":"https:\/\/api.w.org\/{rel}","templated":true}]}}