{"id":157,"date":"2018-04-26T13:29:32","date_gmt":"2018-04-26T11:29:32","guid":{"rendered":"https:\/\/www.acamiant.com\/lineas-de-vida\/"},"modified":"2022-02-10T19:34:04","modified_gmt":"2022-02-10T17:34:04","slug":"lineas-de-vida","status":"publish","type":"page","link":"https:\/\/www.acamiant.com\/es\/soluciones\/lineas-de-vida\/","title":{"rendered":"L\u00edneas de vida"},"content":{"rendered":"<p>[et_pb_section bb_built=\u00bb1&#8243; fullwidth=\u00bbon\u00bb specialty=\u00bboff\u00bb next_background_color=\u00bb#000000&#8243;][et_pb_fullwidth_header _builder_version=\u00bb3.0.106&#8243; title=\u00bbL\u00edneas de vida y sistemas de seguridad antica\u00eddas\u00bb background_color=\u00bb#e2e2e2&#8243; header_fullscreen=\u00bboff\u00bb header_scroll_down=\u00bboff\u00bb image_orientation=\u00bbcenter\u00bb background_layout=\u00bblight\u00bb content_orientation=\u00bbcenter\u00bb custom_button_one=\u00bboff\u00bb button_one_icon_placement=\u00bbright\u00bb custom_button_two=\u00bboff\u00bb button_two_icon_placement=\u00bbright\u00bb module_class=\u00bbheader-title-page\u00bb \/][\/et_pb_section][et_pb_section bb_built=\u00bb1&#8243; prev_background_color=\u00bb#000000&#8243; _builder_version=\u00bb3.0.106&#8243; module_class=\u00bbfirst-row-page\u00bb][et_pb_row][et_pb_column type=\u00bb1_2&#8243;][et_pb_text _builder_version=\u00bb3.0.106&#8243; background_layout=\u00bblight\u00bb]<\/p>\n<p>Somos especialistas en <strong>l\u00edneas de vida y sistemas de seguridad antica\u00eddas<\/strong>. En ACAmiant nos preocupamos por la seguridad laboral, por eso ofrecemos servicios de instalaci\u00f3n, mantenimiento y legalizaci\u00f3n de l\u00edneas de vida, certificados por la casa <strong>Tractel<\/strong>, empresa l\u00edder en seguridad de trabajos en altura y protecci\u00f3n contra las ca\u00eddas.<\/p>\n<p>Los sistemas de protecci\u00f3n antica\u00edda son indispensables para reducir los riesgos laborales en cualquier obra o trabajo de rehabilitaci\u00f3n, mantenimiento o reparaci\u00f3n en altura o en zonas de riesgo. Para garantizar la m\u00e1xima seguridad, en ACAmiant instalamos l\u00edneas de vida con <strong>sistemas de sujeci\u00f3n y de emergencia homologados<\/strong>.<\/p>\n<p>Por eso ofrecemos el equipamiento de seguridad que mejor se adapta a cada actividad. Soluciones dotadas de mecanismos altamente fiables, con anclajes, barras de sujeci\u00f3n, cables, cuerdas, cadenas o arneses fabricados con <strong>materiales resistentes y seguros 100%<\/strong>.<\/p>\n<p>Los sistemas antica\u00edda que ofrecemos est\u00e1n dotados de anclajes (permanentes o temporales) unidos s\u00f3lidamente a una estructura altamente resistente para soportar ca\u00eddas y evitar accidentes graves. Disfruta de la tranquilidad que da la empresa l\u00edder del sector para <strong>trabajar sin peligro<\/strong>.<\/p>\n<p>[\/et_pb_text][\/et_pb_column][et_pb_column type=\u00bb1_2&#8243;][et_pb_image _builder_version=\u00bb3.0.106&#8243; src=\u00bbhttps:\/\/www.acamiant.com\/wp-content\/uploads\/2018\/04\/linies-de-vida@2x-1.png\u00bb show_in_lightbox=\u00bboff\u00bb url_new_window=\u00bboff\u00bb use_overlay=\u00bboff\u00bb always_center_on_mobile=\u00bbon\u00bb force_fullwidth=\u00bboff\u00bb show_bottom_space=\u00bbon\u00bb module_class=\u00bblinies_de_vida-img\u00bb \/][\/et_pb_column][\/et_pb_row][\/et_pb_section]<\/p>\n","protected":false},"excerpt":{"rendered":"<p><div class=\"et_pb_row et_pb_row_0 et_pb_row_empty\">\n\t\t\t\t\n\t\t\t\t\n\t\t\t\t\n\t\t\t\t\n\t\t\t\t\n\t\t\t<\/div> Somos especialistas en l\u00edneas de vida y sistemas de seguridad antica\u00eddas. En ACAmiant nos preocupamos por la seguridad laboral, por eso ofrecemos servicios de instalaci\u00f3n, mantenimiento y legalizaci\u00f3n de l\u00edneas de vida, certificados por la casa Tractel, empresa l\u00edder en seguridad de trabajos en altura y protecci\u00f3n contra las ca\u00eddas. Los sistemas de protecci\u00f3n [&hellip;]<\/p>\n","protected":false},"author":2,"featured_media":0,"parent":1419,"menu_order":0,"comment_status":"closed","ping_status":"closed","template":"","meta":{"_et_pb_use_builder":"on","_et_pb_old_content":"","_et_gb_content_width":"","footnotes":""},"class_list":["post-157","page","type-page","status-publish","hentry"],"yoast_head":"<!-- This site is optimized with the Yoast SEO plugin v27.6 - https:\/\/yoast.com\/product\/yoast-seo-wordpress\/ -->\n<title>L\u00edneas de vida y sistemas de seguridad antica\u00eddas | ACAmiant<\/title>\n<meta name=\"description\" content=\"Servicios de instalaci\u00f3n, mantenimiento y legalizaci\u00f3n de l\u00edneas de vida y sistemas de protecci\u00f3n antica\u00edda fabricados con materiales seguros 100%.\" \/>\n<meta name=\"robots\" content=\"index, follow, max-snippet:-1, max-image-preview:large, max-video-preview:-1\" \/>\n<link rel=\"canonical\" href=\"https:\/\/www.acamiant.com\/es\/soluciones\/lineas-de-vida\/\" \/>\n<meta property=\"og:locale\" content=\"es_ES\" \/>\n<meta property=\"og:type\" content=\"article\" \/>\n<meta property=\"og:title\" content=\"L\u00edneas de vida y sistemas de seguridad antica\u00eddas | ACAmiant\" \/>\n<meta property=\"og:description\" content=\"Servicios de instalaci\u00f3n, mantenimiento y legalizaci\u00f3n de l\u00edneas de vida y sistemas de protecci\u00f3n antica\u00edda fabricados con materiales seguros 100%.\" \/>\n<meta property=\"og:url\" content=\"https:\/\/www.acamiant.com\/es\/soluciones\/lineas-de-vida\/\" \/>\n<meta property=\"og:site_name\" content=\"Amiant\" \/>\n<meta property=\"article:modified_time\" content=\"2022-02-10T17:34:04+00:00\" \/>\n<meta name=\"twitter:card\" content=\"summary_large_image\" \/>\n<meta name=\"twitter:label1\" content=\"Tiempo de lectura\" \/>\n\t<meta name=\"twitter:data1\" content=\"2 minutos\" \/>\n<script type=\"application\/ld+json\" class=\"yoast-schema-graph\">{\"@context\":\"https:\\\/\\\/schema.org\",\"@graph\":[{\"@type\":\"WebPage\",\"@id\":\"https:\\\/\\\/www.acamiant.com\\\/es\\\/soluciones\\\/lineas-de-vida\\\/\",\"url\":\"https:\\\/\\\/www.acamiant.com\\\/es\\\/soluciones\\\/lineas-de-vida\\\/\",\"name\":\"L\u00edneas de vida y sistemas de seguridad antica\u00eddas | ACAmiant\",\"isPartOf\":{\"@id\":\"https:\\\/\\\/www.acamiant.com\\\/#website\"},\"datePublished\":\"2018-04-26T11:29:32+00:00\",\"dateModified\":\"2022-02-10T17:34:04+00:00\",\"description\":\"Servicios de instalaci\u00f3n, mantenimiento y legalizaci\u00f3n de l\u00edneas de vida y sistemas de protecci\u00f3n antica\u00edda fabricados con materiales seguros 100%.\",\"breadcrumb\":{\"@id\":\"https:\\\/\\\/www.acamiant.com\\\/es\\\/soluciones\\\/lineas-de-vida\\\/#breadcrumb\"},\"inLanguage\":\"es\",\"potentialAction\":[{\"@type\":\"ReadAction\",\"target\":[\"https:\\\/\\\/www.acamiant.com\\\/es\\\/soluciones\\\/lineas-de-vida\\\/\"]}]},{\"@type\":\"BreadcrumbList\",\"@id\":\"https:\\\/\\\/www.acamiant.com\\\/es\\\/soluciones\\\/lineas-de-vida\\\/#breadcrumb\",\"itemListElement\":[{\"@type\":\"ListItem\",\"position\":1,\"name\":\"Portada\",\"item\":\"https:\\\/\\\/www.acamiant.com\\\/\"},{\"@type\":\"ListItem\",\"position\":2,\"name\":\"Soluciones\",\"item\":\"https:\\\/\\\/www.acamiant.com\\\/es\\\/soluciones\\\/\"},{\"@type\":\"ListItem\",\"position\":3,\"name\":\"L\u00edneas de vida\"}]},{\"@type\":\"WebSite\",\"@id\":\"https:\\\/\\\/www.acamiant.com\\\/#website\",\"url\":\"https:\\\/\\\/www.acamiant.com\\\/\",\"name\":\"Amiant\",\"description\":\"\",\"potentialAction\":[{\"@type\":\"SearchAction\",\"target\":{\"@type\":\"EntryPoint\",\"urlTemplate\":\"https:\\\/\\\/www.acamiant.com\\\/?s={search_term_string}\"},\"query-input\":{\"@type\":\"PropertyValueSpecification\",\"valueRequired\":true,\"valueName\":\"search_term_string\"}}],\"inLanguage\":\"es\"}]}<\/script>\n<!-- \/ Yoast SEO plugin. -->","yoast_head_json":{"title":"L\u00edneas de vida y sistemas de seguridad antica\u00eddas | ACAmiant","description":"Servicios de instalaci\u00f3n, mantenimiento y legalizaci\u00f3n de l\u00edneas de vida y sistemas de protecci\u00f3n antica\u00edda fabricados con materiales seguros 100%.","robots":{"index":"index","follow":"follow","max-snippet":"max-snippet:-1","max-image-preview":"max-image-preview:large","max-video-preview":"max-video-preview:-1"},"canonical":"https:\/\/www.acamiant.com\/es\/soluciones\/lineas-de-vida\/","og_locale":"es_ES","og_type":"article","og_title":"L\u00edneas de vida y sistemas de seguridad antica\u00eddas | ACAmiant","og_description":"Servicios de instalaci\u00f3n, mantenimiento y legalizaci\u00f3n de l\u00edneas de vida y sistemas de protecci\u00f3n antica\u00edda fabricados con materiales seguros 100%.","og_url":"https:\/\/www.acamiant.com\/es\/soluciones\/lineas-de-vida\/","og_site_name":"Amiant","article_modified_time":"2022-02-10T17:34:04+00:00","twitter_card":"summary_large_image","twitter_misc":{"Tiempo de lectura":"2 minutos"},"schema":{"@context":"https:\/\/schema.org","@graph":[{"@type":"WebPage","@id":"https:\/\/www.acamiant.com\/es\/soluciones\/lineas-de-vida\/","url":"https:\/\/www.acamiant.com\/es\/soluciones\/lineas-de-vida\/","name":"L\u00edneas de vida y sistemas de seguridad antica\u00eddas | ACAmiant","isPartOf":{"@id":"https:\/\/www.acamiant.com\/#website"},"datePublished":"2018-04-26T11:29:32+00:00","dateModified":"2022-02-10T17:34:04+00:00","description":"Servicios de instalaci\u00f3n, mantenimiento y legalizaci\u00f3n de l\u00edneas de vida y sistemas de protecci\u00f3n antica\u00edda fabricados con materiales seguros 100%.","breadcrumb":{"@id":"https:\/\/www.acamiant.com\/es\/soluciones\/lineas-de-vida\/#breadcrumb"},"inLanguage":"es","potentialAction":[{"@type":"ReadAction","target":["https:\/\/www.acamiant.com\/es\/soluciones\/lineas-de-vida\/"]}]},{"@type":"BreadcrumbList","@id":"https:\/\/www.acamiant.com\/es\/soluciones\/lineas-de-vida\/#breadcrumb","itemListElement":[{"@type":"ListItem","position":1,"name":"Portada","item":"https:\/\/www.acamiant.com\/"},{"@type":"ListItem","position":2,"name":"Soluciones","item":"https:\/\/www.acamiant.com\/es\/soluciones\/"},{"@type":"ListItem","position":3,"name":"L\u00edneas de vida"}]},{"@type":"WebSite","@id":"https:\/\/www.acamiant.com\/#website","url":"https:\/\/www.acamiant.com\/","name":"Amiant","description":"","potentialAction":[{"@type":"SearchAction","target":{"@type":"EntryPoint","urlTemplate":"https:\/\/www.acamiant.com\/?s={search_term_string}"},"query-input":{"@type":"PropertyValueSpecification","valueRequired":true,"valueName":"search_term_string"}}],"inLanguage":"es"}]}},"_links":{"self":[{"href":"https:\/\/www.acamiant.com\/es\/wp-json\/wp\/v2\/pages\/157","targetHints":{"allow":["GET"]}}],"collection":[{"href":"https:\/\/www.acamiant.com\/es\/wp-json\/wp\/v2\/pages"}],"about":[{"href":"https:\/\/www.acamiant.com\/es\/wp-json\/wp\/v2\/types\/page"}],"author":[{"embeddable":true,"href":"https:\/\/www.acamiant.com\/es\/wp-json\/wp\/v2\/users\/2"}],"replies":[{"embeddable":true,"href":"https:\/\/www.acamiant.com\/es\/wp-json\/wp\/v2\/comments?post=157"}],"version-history":[{"count":4,"href":"https:\/\/www.acamiant.com\/es\/wp-json\/wp\/v2\/pages\/157\/revisions"}],"predecessor-version":[{"id":296,"href":"https:\/\/www.acamiant.com\/es\/wp-json\/wp\/v2\/pages\/157\/revisions\/296"}],"up":[{"embeddable":true,"href":"https:\/\/www.acamiant.com\/es\/wp-json\/wp\/v2\/pages\/1419"}],"wp:attachment":[{"href":"https:\/\/www.acamiant.com\/es\/wp-json\/wp\/v2\/media?parent=157"}],"curies":[{"name":"wp","href":"https:\/\/api.w.org\/{rel}","templated":true}]}}