{"id":161,"date":"2018-04-26T13:29:53","date_gmt":"2018-04-26T13:29:53","guid":{"rendered":"https:\/\/www.acamiant.com\/politica-de-privacidad\/"},"modified":"2022-03-10T12:11:14","modified_gmt":"2022-03-10T10:11:14","slug":"politica-de-privacidad","status":"publish","type":"page","link":"https:\/\/www.acamiant.com\/es\/politica-de-privacidad\/","title":{"rendered":"Pol\u00edtica de privacidad"},"content":{"rendered":"<p>[et_pb_section fb_built=\u00bb1&#8243; _builder_version=\u00bb3.22&#8243; global_colors_info=\u00bb{}\u00bb][et_pb_row _builder_version=\u00bb3.25&#8243; background_size=\u00bbinitial\u00bb background_position=\u00bbtop_left\u00bb background_repeat=\u00bbrepeat\u00bb global_colors_info=\u00bb{}\u00bb][et_pb_column type=\u00bb4_4&#8243; _builder_version=\u00bb3.25&#8243; custom_padding=\u00bb|||\u00bb global_colors_info=\u00bb{}\u00bb custom_padding__hover=\u00bb|||\u00bb][et_pb_text _builder_version=\u00bb4.14.8&#8243; hover_enabled=\u00bb0&#8243; global_colors_info=\u00bb{}\u00bb sticky_enabled=\u00bb0&#8243;]<\/p>\n<h1>Pol\u00edtica de privacitat<\/h1>\n<p>Also Casals Instal\u00b7lacions, S.L., como responsable de este Sitio Web y de conformidad con lo dispuesto en la Ley Org\u00e1nica 15\/1999, de 13 de diciembre, de Protecci\u00f3n de Datos de Car\u00e1cter Personal (LOPD) y la Ley 34\/2002 , de 11 de julio, de Servicios de la Sociedad de la Informaci\u00f3n y de Comercio Electr\u00f3nico (LSSICE), ha puesto en pr\u00e1ctica aquellas pol\u00edticas, medios y procedimientos t\u00e9cnicos y organizativos para garantizar y proteger la confidencialidad, integridad y disponibilidad de los datos de car\u00e1cter personal de sus usuarios. Estos datos ser\u00e1n tratados en un \/ los fichero \/ s debidamente inscrito \/ s en la Agencia Espa\u00f1ola de Protecci\u00f3n de Datos, de conformidad con lo establecido en la legislaci\u00f3n vigente.<\/p>\n<p>En caso de que los datos que debe facilitar al usuario sean necesarias para que el equipo de Also Casals Instal\u00b7lacions, S.L. pueda<\/p>\n<ol>\n<li>responder las consultas, proporcionar informaciones requeridas por el usuario;<\/li>\n<li>realizar toda aquella prestaci\u00f3n de servicios y \/ o productos contratados o suscritos por el usuario;<\/li>\n<li>proporcionar acceso al usuario a determinadas funcionalidades del Sitio Web;<\/li>\n<li>o bien realizar todas aquellas actividades propias de Also Casals Instal\u00b7lacions, S.L. aqu\u00ed rese\u00f1adas, Also Casals Instal\u00b7lacions, S.L. informar\u00e1 de esta obligatoriedad al usuario, indic\u00e1ndole qu\u00e9 datos hay que cumplimentar necesariamente.<\/li>\n<\/ol>\n<p>Mediante la indicaci\u00f3n, facilitaci\u00f3n o introducci\u00f3n de estos datos y de conformidad con lo establecido en el art\u00edculo 6 de la L.O.P.D. el usuario otorga consentimiento inequ\u00edvoco a Also Casals Instal\u00b7lacions, S.L. para que proceda al tratamiento de los datos suministrados en beneficio de los fines mencionados anteriormente as\u00ed como para la eventual env\u00edo de comunicaciones comerciales de Also Casals Instal\u00b7lacions, S.L. que puedan ser del inter\u00e9s del usuario.<\/p>\n<p>La entidad responsable de la base de datos, as\u00ed como las personas que intervengan en cualquier fase del tratamiento y \/ o las entidades a las que les hayan sido comunicadas -si caso y en virtud de la correspondiente autorizaci\u00f3n conferida por el usuario -, est\u00e1n obligadas a observar el secreto profesional ya adoptar los niveles de protecci\u00f3n y las medidas t\u00e9cnicas y organizativas a su alcance que garanticen la seguridad de los datos de car\u00e1cter personal, evitando, en la medida de lo posible, accesos no autorizados, modificaciones y \u00b7 l\u00edcitas, sustracciones y \/ o la p\u00e9rdida de los datos, a fin de procurar el correspondiente nivel de seguridad a los ficheros de Also Casals Instal\u00b7lacions, S.L., seg\u00fan la naturaleza y sensibilidad de los datos facilitados por los usuarios de este Sitio Web. Igualmente, Also Casals Instal\u00b7lacions, S.L. se compromete a tener implementadas las medidas de seguridad que correspondan en virtud de lo establecido en el Reglamento de Desarrollo de la LOPD (Real Decreto 1720\/2007).<\/p>\n<p>Los usuarios tienen reconocida por la indicada Ley Org\u00e1nica de Protecci\u00f3n de Datos los derechos de acceso, rectificaci\u00f3n, cancelaci\u00f3n y oposici\u00f3n y, en su caso, el derecho a revocar en cualquier momento el consentimiento a la recepci\u00f3n de comunicaciones comerciales, mediante el env\u00edo de un correo electr\u00f3nico a ralsoj@alsocasals.com o una carta a C \/ BARCELONA, 74 43500, TORTOSA.<br \/>\n[\/et_pb_text][\/et_pb_column][\/et_pb_row][\/et_pb_section]<\/p>\n","protected":false},"excerpt":{"rendered":"<p>Pol\u00edtica de privacitat Also Casals Instal\u00b7lacions, S.L., como responsable de este Sitio Web y de conformidad con lo dispuesto en la Ley Org\u00e1nica 15\/1999, de 13 de diciembre, de Protecci\u00f3n de Datos de Car\u00e1cter Personal (LOPD) y la Ley 34\/2002 , de 11 de julio, de Servicios de la Sociedad de la Informaci\u00f3n y de [&hellip;]<\/p>\n","protected":false},"author":2,"featured_media":0,"parent":0,"menu_order":0,"comment_status":"closed","ping_status":"closed","template":"","meta":{"_et_pb_use_builder":"on","_et_pb_old_content":"","_et_gb_content_width":"","footnotes":""},"class_list":["post-161","page","type-page","status-publish","hentry"],"yoast_head":"<!-- This site is optimized with the Yoast SEO plugin v27.4 - https:\/\/yoast.com\/product\/yoast-seo-wordpress\/ -->\n<title>Pol\u00edtica de privacidad - Amiant<\/title>\n<meta name=\"robots\" content=\"noindex, follow\" \/>\n<meta property=\"og:locale\" content=\"es_ES\" \/>\n<meta property=\"og:type\" content=\"article\" \/>\n<meta property=\"og:title\" content=\"Pol\u00edtica de privacidad - Amiant\" \/>\n<meta property=\"og:description\" content=\"Pol\u00edtica de privacitat Also Casals Instal\u00b7lacions, S.L., como responsable de este Sitio Web y de conformidad con lo dispuesto en la Ley Org\u00e1nica 15\/1999, de 13 de diciembre, de Protecci\u00f3n de Datos de Car\u00e1cter Personal (LOPD) y la Ley 34\/2002 , de 11 de julio, de Servicios de la Sociedad de la Informaci\u00f3n y de [&hellip;]\" \/>\n<meta property=\"og:url\" content=\"https:\/\/www.acamiant.com\/politica-de-privacitat\/\" \/>\n<meta property=\"og:site_name\" content=\"Amiant\" \/>\n<meta property=\"article:modified_time\" content=\"2022-03-10T10:11:14+00:00\" \/>\n<meta name=\"twitter:card\" content=\"summary_large_image\" \/>\n<meta name=\"twitter:label1\" content=\"Tiempo de lectura\" \/>\n\t<meta name=\"twitter:data1\" content=\"3 minutos\" \/>\n<script type=\"application\/ld+json\" class=\"yoast-schema-graph\">{\"@context\":\"https:\\\/\\\/schema.org\",\"@graph\":[{\"@type\":\"WebPage\",\"@id\":\"https:\\\/\\\/www.acamiant.com\\\/politica-de-privacitat\\\/\",\"url\":\"https:\\\/\\\/www.acamiant.com\\\/politica-de-privacitat\\\/\",\"name\":\"Pol\u00edtica de privacidad - Amiant\",\"isPartOf\":{\"@id\":\"https:\\\/\\\/www.acamiant.com\\\/#website\"},\"datePublished\":\"2018-04-26T13:29:53+00:00\",\"dateModified\":\"2022-03-10T10:11:14+00:00\",\"breadcrumb\":{\"@id\":\"https:\\\/\\\/www.acamiant.com\\\/politica-de-privacitat\\\/#breadcrumb\"},\"inLanguage\":\"es\",\"potentialAction\":[{\"@type\":\"ReadAction\",\"target\":[\"https:\\\/\\\/www.acamiant.com\\\/politica-de-privacitat\\\/\"]}]},{\"@type\":\"BreadcrumbList\",\"@id\":\"https:\\\/\\\/www.acamiant.com\\\/politica-de-privacitat\\\/#breadcrumb\",\"itemListElement\":[{\"@type\":\"ListItem\",\"position\":1,\"name\":\"Portada\",\"item\":\"https:\\\/\\\/www.acamiant.com\\\/\"},{\"@type\":\"ListItem\",\"position\":2,\"name\":\"Pol\u00edtica de privacidad\"}]},{\"@type\":\"WebSite\",\"@id\":\"https:\\\/\\\/www.acamiant.com\\\/#website\",\"url\":\"https:\\\/\\\/www.acamiant.com\\\/\",\"name\":\"Amiant\",\"description\":\"\",\"potentialAction\":[{\"@type\":\"SearchAction\",\"target\":{\"@type\":\"EntryPoint\",\"urlTemplate\":\"https:\\\/\\\/www.acamiant.com\\\/?s={search_term_string}\"},\"query-input\":{\"@type\":\"PropertyValueSpecification\",\"valueRequired\":true,\"valueName\":\"search_term_string\"}}],\"inLanguage\":\"es\"}]}<\/script>\n<!-- \/ Yoast SEO plugin. -->","yoast_head_json":{"title":"Pol\u00edtica de privacidad - Amiant","robots":{"index":"noindex","follow":"follow"},"og_locale":"es_ES","og_type":"article","og_title":"Pol\u00edtica de privacidad - Amiant","og_description":"Pol\u00edtica de privacitat Also Casals Instal\u00b7lacions, S.L., como responsable de este Sitio Web y de conformidad con lo dispuesto en la Ley Org\u00e1nica 15\/1999, de 13 de diciembre, de Protecci\u00f3n de Datos de Car\u00e1cter Personal (LOPD) y la Ley 34\/2002 , de 11 de julio, de Servicios de la Sociedad de la Informaci\u00f3n y de [&hellip;]","og_url":"https:\/\/www.acamiant.com\/politica-de-privacitat\/","og_site_name":"Amiant","article_modified_time":"2022-03-10T10:11:14+00:00","twitter_card":"summary_large_image","twitter_misc":{"Tiempo de lectura":"3 minutos"},"schema":{"@context":"https:\/\/schema.org","@graph":[{"@type":"WebPage","@id":"https:\/\/www.acamiant.com\/politica-de-privacitat\/","url":"https:\/\/www.acamiant.com\/politica-de-privacitat\/","name":"Pol\u00edtica de privacidad - Amiant","isPartOf":{"@id":"https:\/\/www.acamiant.com\/#website"},"datePublished":"2018-04-26T13:29:53+00:00","dateModified":"2022-03-10T10:11:14+00:00","breadcrumb":{"@id":"https:\/\/www.acamiant.com\/politica-de-privacitat\/#breadcrumb"},"inLanguage":"es","potentialAction":[{"@type":"ReadAction","target":["https:\/\/www.acamiant.com\/politica-de-privacitat\/"]}]},{"@type":"BreadcrumbList","@id":"https:\/\/www.acamiant.com\/politica-de-privacitat\/#breadcrumb","itemListElement":[{"@type":"ListItem","position":1,"name":"Portada","item":"https:\/\/www.acamiant.com\/"},{"@type":"ListItem","position":2,"name":"Pol\u00edtica de privacidad"}]},{"@type":"WebSite","@id":"https:\/\/www.acamiant.com\/#website","url":"https:\/\/www.acamiant.com\/","name":"Amiant","description":"","potentialAction":[{"@type":"SearchAction","target":{"@type":"EntryPoint","urlTemplate":"https:\/\/www.acamiant.com\/?s={search_term_string}"},"query-input":{"@type":"PropertyValueSpecification","valueRequired":true,"valueName":"search_term_string"}}],"inLanguage":"es"}]}},"_links":{"self":[{"href":"https:\/\/www.acamiant.com\/es\/wp-json\/wp\/v2\/pages\/161","targetHints":{"allow":["GET"]}}],"collection":[{"href":"https:\/\/www.acamiant.com\/es\/wp-json\/wp\/v2\/pages"}],"about":[{"href":"https:\/\/www.acamiant.com\/es\/wp-json\/wp\/v2\/types\/page"}],"author":[{"embeddable":true,"href":"https:\/\/www.acamiant.com\/es\/wp-json\/wp\/v2\/users\/2"}],"replies":[{"embeddable":true,"href":"https:\/\/www.acamiant.com\/es\/wp-json\/wp\/v2\/comments?post=161"}],"version-history":[{"count":6,"href":"https:\/\/www.acamiant.com\/es\/wp-json\/wp\/v2\/pages\/161\/revisions"}],"predecessor-version":[{"id":1513,"href":"https:\/\/www.acamiant.com\/es\/wp-json\/wp\/v2\/pages\/161\/revisions\/1513"}],"wp:attachment":[{"href":"https:\/\/www.acamiant.com\/es\/wp-json\/wp\/v2\/media?parent=161"}],"curies":[{"name":"wp","href":"https:\/\/api.w.org\/{rel}","templated":true}]}}