{"id":162,"date":"2018-04-26T13:32:00","date_gmt":"2018-04-26T11:32:00","guid":{"rendered":"https:\/\/www.acamiant.com\/cierres-industriales-e-impermeabilizacion\/"},"modified":"2022-02-10T19:34:25","modified_gmt":"2022-02-10T17:34:25","slug":"cierres-industriales-e-impermeabilizacion","status":"publish","type":"page","link":"https:\/\/www.acamiant.com\/es\/soluciones\/cierres-industriales-e-impermeabilizacion\/","title":{"rendered":"Cierres industriales e impermeabilizaci\u00f3n"},"content":{"rendered":"<p>[et_pb_section bb_built=\u00bb1&#8243; fullwidth=\u00bbon\u00bb specialty=\u00bboff\u00bb next_background_color=\u00bb#000000&#8243;][et_pb_fullwidth_header _builder_version=\u00bb3.0.106&#8243; title=\u00bbCierres industriales e impermeabilizaci\u00f3n de l\u00e1minas asf\u00e1lticas y sint\u00e9ticas\u00bb header_fullscreen=\u00bboff\u00bb header_scroll_down=\u00bboff\u00bb image_orientation=\u00bbcenter\u00bb background_layout=\u00bblight\u00bb content_orientation=\u00bbcenter\u00bb custom_button_one=\u00bboff\u00bb button_one_icon_placement=\u00bbright\u00bb custom_button_two=\u00bboff\u00bb button_two_icon_placement=\u00bbright\u00bb module_class=\u00bbheader-title-page\u00bb background_color=\u00bb#e2e2e2&#8243; \/][\/et_pb_section][et_pb_section bb_built=\u00bb1&#8243; prev_background_color=\u00bb#000000&#8243; _builder_version=\u00bb3.0.106&#8243; module_class=\u00bbfirst-row-page\u00bb][et_pb_row][et_pb_column type=\u00bb4_4&#8243;][et_pb_text _builder_version=\u00bb3.0.106&#8243; background_layout=\u00bblight\u00bb]<\/p>\n<p>En ACAmiant realizamos <strong>cerramientos industriales e impermeabilizaci\u00f3n<\/strong> en todo tipo de construcciones y edificios garantizando el m\u00e1ximo aislamiento y los mejores acabados. Ofrecemos soluciones adaptables a cada empresa para el montaje, sustituci\u00f3n o reparaci\u00f3n de cubiertas industriales y fachadas, instalaci\u00f3n de ventilaci\u00f3n o colocaci\u00f3n de transl\u00facidos de policarbonato, entre otros. <\/p>\n<p>Nuestra especializaci\u00f3n en el campo de los cierres industriales e impermeabilizaci\u00f3n nos permite satisfacer las demandas de nuestros clientes, desde renovaciones de fachadas por est\u00e9tica hasta la instalaci\u00f3n de<strong> cubiertas y fachadas<\/strong> ventiladas en nuevas construcciones.<\/p>\n<p>Nuestro equipo t\u00e9cnico se encarga de ejecutar los proyectos siguiendo la normativa vigente y usando los <strong>productos ecol\u00f3gicos y no t\u00f3xicos<\/strong> m\u00e1s adecuados para cada instalaci\u00f3n.<\/p>\n<p>[\/et_pb_text][\/et_pb_column][\/et_pb_row][et_pb_row][et_pb_column type=\u00bb1_3&#8243;][et_pb_image _builder_version=\u00bb3.0.106&#8243; src=\u00bbhttps:\/\/www.acamiant.com\/wp-content\/uploads\/2018\/04\/dsc-00672@2x.png\u00bb show_in_lightbox=\u00bboff\u00bb url_new_window=\u00bboff\u00bb use_overlay=\u00bboff\u00bb always_center_on_mobile=\u00bbon\u00bb force_fullwidth=\u00bboff\u00bb show_bottom_space=\u00bbon\u00bb module_class=\u00bbtancaments_industrials_1-img\u00bb \/][\/et_pb_column][et_pb_column type=\u00bb2_3&#8243;][et_pb_text _builder_version=\u00bb3.0.106&#8243; background_layout=\u00bblight\u00bb]<\/p>\n<h3>Cierres industriales<\/h3>\n<p>Para cubrir las necesidades del sector industrial aplicamos la mejor soluci\u00f3n a cada cierre: <strong>cubiertas planas, curvas, inclinadas, s\u00e1ndwich, grecadas<\/strong>&#8230;<br \/>\nNuestro programa especializado en los cierres de este \u00e1mbito incluye:<\/p>\n<ul class=\"blurb\">\n<li>Asesoramiento t\u00e9cnico.<\/li>\n<li>Proyectos de ejecuci\u00f3n en sustituci\u00f3n de cubiertas.<\/li>\n<li>Montaje de cubiertas y fachadas con panel s\u00e1ndwich y\/o s\u00e1ndwich in situ.<\/li>\n<li>Montaje de cubiertas y fachadas con chapa perfilada.<\/li>\n<li>Montaje de transl\u00facidos de policarbonato.<\/li>\n<li>Instalaci\u00f3n de ventilaci\u00f3n est\u00e1tica y forzada.<\/li>\n<li>Reparaci\u00f3n y pintado de estructuras.<\/li>\n<\/ul>\n<p>[\/et_pb_text][\/et_pb_column][\/et_pb_row][et_pb_row][et_pb_column type=\u00bb1_3&#8243;][et_pb_image _builder_version=\u00bb3.0.106&#8243; src=\u00bbhttps:\/\/www.acamiant.com\/wp-content\/uploads\/2018\/04\/dsc-00598@2x.png\u00bb show_in_lightbox=\u00bboff\u00bb url_new_window=\u00bboff\u00bb use_overlay=\u00bboff\u00bb always_center_on_mobile=\u00bbon\u00bb force_fullwidth=\u00bboff\u00bb show_bottom_space=\u00bbon\u00bb module_class=\u00bbtancaments_industrials_2-img\u00bb \/][\/et_pb_column][et_pb_column type=\u00bb2_3&#8243;][et_pb_text _builder_version=\u00bb3.0.106&#8243; background_layout=\u00bblight\u00bb]<\/p>\n<h3>Impermeabilizaci\u00f3n<\/h3>\n<p>Somos especialistas en sistemas de impermeabilizaci\u00f3n de l\u00e1minas asf\u00e1lticas y sint\u00e9ticas. En ACAmiant nos ocupamos de arreglar y prevenir cualquier problema relacionado con las <strong>filtraciones de agua<\/strong> y la aparici\u00f3n de goteras y humedad en cualquier instalaci\u00f3n, garantizando siempre la estanqueidad del sistema.<\/p>\n<p>Nuestro equipo t\u00e9cnico, con el apoyo del marco del <strong>C\u00f3digo T\u00e9cnico de la Edificaci\u00f3n<\/strong> (CTE), se encarga de llevar a cabo un riguroso estudio de las instalaciones para aplicar las mejores soluciones en cada caso.<\/p>\n<p>[\/et_pb_text][\/et_pb_column][\/et_pb_row][\/et_pb_section]<\/p>\n","protected":false},"excerpt":{"rendered":"<p><div class=\"et_pb_row et_pb_row_0 et_pb_row_empty\">\n\t\t\t\t\n\t\t\t\t\n\t\t\t\t\n\t\t\t\t\n\t\t\t\t\n\t\t\t<\/div> En ACAmiant realizamos cerramientos industriales e impermeabilizaci\u00f3n en todo tipo de construcciones y edificios garantizando el m\u00e1ximo aislamiento y los mejores acabados. Ofrecemos soluciones adaptables a cada empresa para el montaje, sustituci\u00f3n o reparaci\u00f3n de cubiertas industriales y fachadas, instalaci\u00f3n de ventilaci\u00f3n o colocaci\u00f3n de transl\u00facidos de policarbonato, entre otros. Nuestra especializaci\u00f3n en el [&hellip;]<\/p>\n","protected":false},"author":2,"featured_media":0,"parent":1419,"menu_order":0,"comment_status":"closed","ping_status":"closed","template":"","meta":{"_et_pb_use_builder":"on","_et_pb_old_content":"","_et_gb_content_width":"","footnotes":""},"class_list":["post-162","page","type-page","status-publish","hentry"],"yoast_head":"<!-- This site is optimized with the Yoast SEO plugin v27.5 - https:\/\/yoast.com\/product\/yoast-seo-wordpress\/ -->\n<title>Cierres industriales e impermeabilizaci\u00f3n | Soluciones ACAmiant<\/title>\n<meta name=\"description\" content=\"Realizamos cierres industriales e impermeabilizaci\u00f3n con el m\u00e1ximo aislamiento para cubiertas, fachadas, l\u00e1minas asf\u00e1lticas y sint\u00e9ticas, etc. Cons\u00faltanos\" \/>\n<meta name=\"robots\" content=\"index, follow, max-snippet:-1, max-image-preview:large, max-video-preview:-1\" \/>\n<link rel=\"canonical\" href=\"https:\/\/www.acamiant.com\/es\/soluciones\/cierres-industriales-e-impermeabilizacion\/\" \/>\n<meta property=\"og:locale\" content=\"es_ES\" \/>\n<meta property=\"og:type\" content=\"article\" \/>\n<meta property=\"og:title\" content=\"Cierres industriales e impermeabilizaci\u00f3n | Soluciones ACAmiant\" \/>\n<meta property=\"og:description\" content=\"Realizamos cierres industriales e impermeabilizaci\u00f3n con el m\u00e1ximo aislamiento para cubiertas, fachadas, l\u00e1minas asf\u00e1lticas y sint\u00e9ticas, etc. Cons\u00faltanos\" \/>\n<meta property=\"og:url\" content=\"https:\/\/www.acamiant.com\/es\/soluciones\/cierres-industriales-e-impermeabilizacion\/\" \/>\n<meta property=\"og:site_name\" content=\"Amiant\" \/>\n<meta property=\"article:modified_time\" content=\"2022-02-10T17:34:25+00:00\" \/>\n<meta name=\"twitter:card\" content=\"summary_large_image\" \/>\n<meta name=\"twitter:label1\" content=\"Tiempo de lectura\" \/>\n\t<meta name=\"twitter:data1\" content=\"3 minutos\" \/>\n<script type=\"application\/ld+json\" class=\"yoast-schema-graph\">{\"@context\":\"https:\\\/\\\/schema.org\",\"@graph\":[{\"@type\":\"WebPage\",\"@id\":\"https:\\\/\\\/www.acamiant.com\\\/es\\\/soluciones\\\/cierres-industriales-e-impermeabilizacion\\\/\",\"url\":\"https:\\\/\\\/www.acamiant.com\\\/es\\\/soluciones\\\/cierres-industriales-e-impermeabilizacion\\\/\",\"name\":\"Cierres industriales e impermeabilizaci\u00f3n | Soluciones ACAmiant\",\"isPartOf\":{\"@id\":\"https:\\\/\\\/www.acamiant.com\\\/#website\"},\"datePublished\":\"2018-04-26T11:32:00+00:00\",\"dateModified\":\"2022-02-10T17:34:25+00:00\",\"description\":\"Realizamos cierres industriales e impermeabilizaci\u00f3n con el m\u00e1ximo aislamiento para cubiertas, fachadas, l\u00e1minas asf\u00e1lticas y sint\u00e9ticas, etc. Cons\u00faltanos\",\"breadcrumb\":{\"@id\":\"https:\\\/\\\/www.acamiant.com\\\/es\\\/soluciones\\\/cierres-industriales-e-impermeabilizacion\\\/#breadcrumb\"},\"inLanguage\":\"es\",\"potentialAction\":[{\"@type\":\"ReadAction\",\"target\":[\"https:\\\/\\\/www.acamiant.com\\\/es\\\/soluciones\\\/cierres-industriales-e-impermeabilizacion\\\/\"]}]},{\"@type\":\"BreadcrumbList\",\"@id\":\"https:\\\/\\\/www.acamiant.com\\\/es\\\/soluciones\\\/cierres-industriales-e-impermeabilizacion\\\/#breadcrumb\",\"itemListElement\":[{\"@type\":\"ListItem\",\"position\":1,\"name\":\"Portada\",\"item\":\"https:\\\/\\\/www.acamiant.com\\\/\"},{\"@type\":\"ListItem\",\"position\":2,\"name\":\"Soluciones\",\"item\":\"https:\\\/\\\/www.acamiant.com\\\/es\\\/soluciones\\\/\"},{\"@type\":\"ListItem\",\"position\":3,\"name\":\"Cierres industriales e impermeabilizaci\u00f3n\"}]},{\"@type\":\"WebSite\",\"@id\":\"https:\\\/\\\/www.acamiant.com\\\/#website\",\"url\":\"https:\\\/\\\/www.acamiant.com\\\/\",\"name\":\"Amiant\",\"description\":\"\",\"potentialAction\":[{\"@type\":\"SearchAction\",\"target\":{\"@type\":\"EntryPoint\",\"urlTemplate\":\"https:\\\/\\\/www.acamiant.com\\\/?s={search_term_string}\"},\"query-input\":{\"@type\":\"PropertyValueSpecification\",\"valueRequired\":true,\"valueName\":\"search_term_string\"}}],\"inLanguage\":\"es\"}]}<\/script>\n<!-- \/ Yoast SEO plugin. -->","yoast_head_json":{"title":"Cierres industriales e impermeabilizaci\u00f3n | Soluciones ACAmiant","description":"Realizamos cierres industriales e impermeabilizaci\u00f3n con el m\u00e1ximo aislamiento para cubiertas, fachadas, l\u00e1minas asf\u00e1lticas y sint\u00e9ticas, etc. Cons\u00faltanos","robots":{"index":"index","follow":"follow","max-snippet":"max-snippet:-1","max-image-preview":"max-image-preview:large","max-video-preview":"max-video-preview:-1"},"canonical":"https:\/\/www.acamiant.com\/es\/soluciones\/cierres-industriales-e-impermeabilizacion\/","og_locale":"es_ES","og_type":"article","og_title":"Cierres industriales e impermeabilizaci\u00f3n | Soluciones ACAmiant","og_description":"Realizamos cierres industriales e impermeabilizaci\u00f3n con el m\u00e1ximo aislamiento para cubiertas, fachadas, l\u00e1minas asf\u00e1lticas y sint\u00e9ticas, etc. Cons\u00faltanos","og_url":"https:\/\/www.acamiant.com\/es\/soluciones\/cierres-industriales-e-impermeabilizacion\/","og_site_name":"Amiant","article_modified_time":"2022-02-10T17:34:25+00:00","twitter_card":"summary_large_image","twitter_misc":{"Tiempo de lectura":"3 minutos"},"schema":{"@context":"https:\/\/schema.org","@graph":[{"@type":"WebPage","@id":"https:\/\/www.acamiant.com\/es\/soluciones\/cierres-industriales-e-impermeabilizacion\/","url":"https:\/\/www.acamiant.com\/es\/soluciones\/cierres-industriales-e-impermeabilizacion\/","name":"Cierres industriales e impermeabilizaci\u00f3n | Soluciones ACAmiant","isPartOf":{"@id":"https:\/\/www.acamiant.com\/#website"},"datePublished":"2018-04-26T11:32:00+00:00","dateModified":"2022-02-10T17:34:25+00:00","description":"Realizamos cierres industriales e impermeabilizaci\u00f3n con el m\u00e1ximo aislamiento para cubiertas, fachadas, l\u00e1minas asf\u00e1lticas y sint\u00e9ticas, etc. Cons\u00faltanos","breadcrumb":{"@id":"https:\/\/www.acamiant.com\/es\/soluciones\/cierres-industriales-e-impermeabilizacion\/#breadcrumb"},"inLanguage":"es","potentialAction":[{"@type":"ReadAction","target":["https:\/\/www.acamiant.com\/es\/soluciones\/cierres-industriales-e-impermeabilizacion\/"]}]},{"@type":"BreadcrumbList","@id":"https:\/\/www.acamiant.com\/es\/soluciones\/cierres-industriales-e-impermeabilizacion\/#breadcrumb","itemListElement":[{"@type":"ListItem","position":1,"name":"Portada","item":"https:\/\/www.acamiant.com\/"},{"@type":"ListItem","position":2,"name":"Soluciones","item":"https:\/\/www.acamiant.com\/es\/soluciones\/"},{"@type":"ListItem","position":3,"name":"Cierres industriales e impermeabilizaci\u00f3n"}]},{"@type":"WebSite","@id":"https:\/\/www.acamiant.com\/#website","url":"https:\/\/www.acamiant.com\/","name":"Amiant","description":"","potentialAction":[{"@type":"SearchAction","target":{"@type":"EntryPoint","urlTemplate":"https:\/\/www.acamiant.com\/?s={search_term_string}"},"query-input":{"@type":"PropertyValueSpecification","valueRequired":true,"valueName":"search_term_string"}}],"inLanguage":"es"}]}},"_links":{"self":[{"href":"https:\/\/www.acamiant.com\/es\/wp-json\/wp\/v2\/pages\/162","targetHints":{"allow":["GET"]}}],"collection":[{"href":"https:\/\/www.acamiant.com\/es\/wp-json\/wp\/v2\/pages"}],"about":[{"href":"https:\/\/www.acamiant.com\/es\/wp-json\/wp\/v2\/types\/page"}],"author":[{"embeddable":true,"href":"https:\/\/www.acamiant.com\/es\/wp-json\/wp\/v2\/users\/2"}],"replies":[{"embeddable":true,"href":"https:\/\/www.acamiant.com\/es\/wp-json\/wp\/v2\/comments?post=162"}],"version-history":[{"count":8,"href":"https:\/\/www.acamiant.com\/es\/wp-json\/wp\/v2\/pages\/162\/revisions"}],"predecessor-version":[{"id":299,"href":"https:\/\/www.acamiant.com\/es\/wp-json\/wp\/v2\/pages\/162\/revisions\/299"}],"up":[{"embeddable":true,"href":"https:\/\/www.acamiant.com\/es\/wp-json\/wp\/v2\/pages\/1419"}],"wp:attachment":[{"href":"https:\/\/www.acamiant.com\/es\/wp-json\/wp\/v2\/media?parent=162"}],"curies":[{"name":"wp","href":"https:\/\/api.w.org\/{rel}","templated":true}]}}