{"id":423,"date":"2018-11-15T12:28:13","date_gmt":"2018-11-15T10:28:13","guid":{"rendered":"https:\/\/www.acamiant.com\/?page_id=423"},"modified":"2022-05-27T12:28:38","modified_gmt":"2022-05-27T10:28:38","slug":"casos-reales","status":"publish","type":"page","link":"https:\/\/www.acamiant.com\/es\/casos-reales\/","title":{"rendered":"Casos reales"},"content":{"rendered":"<p>[et_pb_section fb_built=\u00bb1&#8243; fullwidth=\u00bbon\u00bb _builder_version=\u00bb4.16&#8243; global_colors_info=\u00bb{}\u00bb][et_pb_fullwidth_header title=\u00bbCasos reales de descontaminaci\u00f3n de amianto\u00bb _builder_version=\u00bb4.17.4&#8243; background_color=\u00bb#e2e2e2&#8243; background_layout=\u00bblight\u00bb global_colors_info=\u00bb{}\u00bb button_one_text_size__hover_enabled=\u00bboff\u00bb button_one_text_size__hover=\u00bbnull\u00bb button_two_text_size__hover_enabled=\u00bboff\u00bb button_two_text_size__hover=\u00bbnull\u00bb button_one_text_color__hover_enabled=\u00bboff\u00bb button_one_text_color__hover=\u00bbnull\u00bb button_two_text_color__hover_enabled=\u00bboff\u00bb button_two_text_color__hover=\u00bbnull\u00bb button_one_border_width__hover_enabled=\u00bboff\u00bb button_one_border_width__hover=\u00bbnull\u00bb button_two_border_width__hover_enabled=\u00bboff\u00bb button_two_border_width__hover=\u00bbnull\u00bb button_one_border_color__hover_enabled=\u00bboff\u00bb button_one_border_color__hover=\u00bbnull\u00bb button_two_border_color__hover_enabled=\u00bboff\u00bb button_two_border_color__hover=\u00bbnull\u00bb button_one_border_radius__hover_enabled=\u00bboff\u00bb button_one_border_radius__hover=\u00bbnull\u00bb button_two_border_radius__hover_enabled=\u00bboff\u00bb button_two_border_radius__hover=\u00bbnull\u00bb button_one_letter_spacing__hover_enabled=\u00bboff\u00bb button_one_letter_spacing__hover=\u00bbnull\u00bb button_two_letter_spacing__hover_enabled=\u00bboff\u00bb button_two_letter_spacing__hover=\u00bbnull\u00bb button_one_bg_color__hover_enabled=\u00bboff\u00bb button_one_bg_color__hover=\u00bbnull\u00bb button_two_bg_color__hover_enabled=\u00bboff\u00bb button_two_bg_color__hover=\u00bbnull\u00bb][\/et_pb_fullwidth_header][\/et_pb_section][et_pb_section fb_built=\u00bb1&#8243; _builder_version=\u00bb4.17.4&#8243; hover_enabled=\u00bb0&#8243; global_colors_info=\u00bb{}\u00bb sticky_enabled=\u00bb0&#8243;][et_pb_row _builder_version=\u00bb4.16&#8243; background_size=\u00bbinitial\u00bb background_position=\u00bbtop_left\u00bb background_repeat=\u00bbrepeat\u00bb global_colors_info=\u00bb{}\u00bb][et_pb_column type=\u00bb4_4&#8243; _builder_version=\u00bb4.16&#8243; custom_padding=\u00bb|||\u00bb global_colors_info=\u00bb{}\u00bb custom_padding__hover=\u00bb|||\u00bb][et_pb_text _builder_version=\u00bb4.16&#8243; global_colors_info=\u00bb{}\u00bb]<\/p>\n<p>Durante nuestros m\u00e1s de 20 de a\u00f1os de experiencia en ACAmiant hemos realizado numerosos <strong>trabajos de descontaminaci\u00f3n de amianto<\/strong> y fibrocemento (uralita) en todo tipo de instalaciones.<\/p>\n<p>A lo largo de estos a\u00f1os numerosas empresas han confiado en nuestros m\u00e9todos de trabajo porque garantizamos la eliminaci\u00f3n del 100% del amianto <strong>sin emisi\u00f3n de fibras contaminantes<\/strong> al ambiente y sin riesgo para las personas.<\/p>\n<p>En este apartado pod\u00e9is ver <strong>casos reales<\/strong> de trabajos de descontaminaci\u00f3n de amianto realizados por nuestro equipo t\u00e9cnico: desde actuaciones en cubiertas y fachadas hasta canalones, bajantes o cumbreras.<\/p>\n<p>[\/et_pb_text][et_pb_portfolio fullwidth=\u00bboff\u00bb posts_number=\u00bb12&#8243; include_categories=\u00bb,all\u00bb show_categories=\u00bboff\u00bb _builder_version=\u00bb4.17.4&#8243; _module_preset=\u00bbdefault\u00bb global_colors_info=\u00bb{}\u00bb][\/et_pb_portfolio][\/et_pb_column][\/et_pb_row][\/et_pb_section]<\/p>\n","protected":false},"excerpt":{"rendered":"<p>Durante nuestros m\u00e1s de 20 de a\u00f1os de experiencia en ACAmiant hemos realizado numerosos trabajos de descontaminaci\u00f3n de amianto y fibrocemento (uralita) en todo tipo de instalaciones. A lo largo de estos a\u00f1os numerosas empresas han confiado en nuestros m\u00e9todos de trabajo porque garantizamos la eliminaci\u00f3n del 100% del amianto sin emisi\u00f3n de fibras contaminantes [&hellip;]<\/p>\n","protected":false},"author":2,"featured_media":0,"parent":0,"menu_order":0,"comment_status":"closed","ping_status":"closed","template":"","meta":{"_et_pb_use_builder":"on","_et_pb_old_content":"","_et_gb_content_width":"","footnotes":""},"class_list":["post-423","page","type-page","status-publish","hentry"],"yoast_head":"<!-- This site is optimized with the Yoast SEO plugin v27.4 - https:\/\/yoast.com\/product\/yoast-seo-wordpress\/ -->\n<title>Casos reales - Trabajos de descontaminaci\u00f3n de amianto - AC Amiant<\/title>\n<meta name=\"description\" content=\"Aqu\u00ed ver\u00e9is casos reales de trabajos de descontaminaci\u00f3n de amianto realizados por nuestros t\u00e9cnicos: actuaciones en cubiertas, fachadas, canalones, etc.\" \/>\n<meta name=\"robots\" content=\"index, follow, max-snippet:-1, max-image-preview:large, max-video-preview:-1\" \/>\n<link rel=\"canonical\" href=\"https:\/\/www.acamiant.com\/casos-reals\/\" \/>\n<meta property=\"og:locale\" content=\"es_ES\" \/>\n<meta property=\"og:type\" content=\"article\" \/>\n<meta property=\"og:title\" content=\"Casos reales - Trabajos de descontaminaci\u00f3n de amianto - AC Amiant\" \/>\n<meta property=\"og:description\" content=\"Aqu\u00ed ver\u00e9is casos reales de trabajos de descontaminaci\u00f3n de amianto realizados por nuestros t\u00e9cnicos: actuaciones en cubiertas, fachadas, canalones, etc.\" \/>\n<meta property=\"og:url\" content=\"https:\/\/www.acamiant.com\/casos-reals\/\" \/>\n<meta property=\"og:site_name\" content=\"Amiant\" \/>\n<meta property=\"article:modified_time\" content=\"2022-05-27T10:28:38+00:00\" \/>\n<meta name=\"twitter:card\" content=\"summary_large_image\" \/>\n<meta name=\"twitter:label1\" content=\"Tiempo de lectura\" \/>\n\t<meta name=\"twitter:data1\" content=\"2 minutos\" \/>\n<script type=\"application\/ld+json\" class=\"yoast-schema-graph\">{\"@context\":\"https:\\\/\\\/schema.org\",\"@graph\":[{\"@type\":\"WebPage\",\"@id\":\"https:\\\/\\\/www.acamiant.com\\\/casos-reals\\\/\",\"url\":\"https:\\\/\\\/www.acamiant.com\\\/casos-reals\\\/\",\"name\":\"Casos reales - Trabajos de descontaminaci\u00f3n de amianto - AC Amiant\",\"isPartOf\":{\"@id\":\"https:\\\/\\\/www.acamiant.com\\\/#website\"},\"datePublished\":\"2018-11-15T10:28:13+00:00\",\"dateModified\":\"2022-05-27T10:28:38+00:00\",\"description\":\"Aqu\u00ed ver\u00e9is casos reales de trabajos de descontaminaci\u00f3n de amianto realizados por nuestros t\u00e9cnicos: actuaciones en cubiertas, fachadas, canalones, etc.\",\"breadcrumb\":{\"@id\":\"https:\\\/\\\/www.acamiant.com\\\/casos-reals\\\/#breadcrumb\"},\"inLanguage\":\"es\",\"potentialAction\":[{\"@type\":\"ReadAction\",\"target\":[\"https:\\\/\\\/www.acamiant.com\\\/casos-reals\\\/\"]}]},{\"@type\":\"BreadcrumbList\",\"@id\":\"https:\\\/\\\/www.acamiant.com\\\/casos-reals\\\/#breadcrumb\",\"itemListElement\":[{\"@type\":\"ListItem\",\"position\":1,\"name\":\"Portada\",\"item\":\"https:\\\/\\\/www.acamiant.com\\\/\"},{\"@type\":\"ListItem\",\"position\":2,\"name\":\"Casos reales\"}]},{\"@type\":\"WebSite\",\"@id\":\"https:\\\/\\\/www.acamiant.com\\\/#website\",\"url\":\"https:\\\/\\\/www.acamiant.com\\\/\",\"name\":\"Amiant\",\"description\":\"\",\"potentialAction\":[{\"@type\":\"SearchAction\",\"target\":{\"@type\":\"EntryPoint\",\"urlTemplate\":\"https:\\\/\\\/www.acamiant.com\\\/?s={search_term_string}\"},\"query-input\":{\"@type\":\"PropertyValueSpecification\",\"valueRequired\":true,\"valueName\":\"search_term_string\"}}],\"inLanguage\":\"es\"}]}<\/script>\n<!-- \/ Yoast SEO plugin. -->","yoast_head_json":{"title":"Casos reales - Trabajos de descontaminaci\u00f3n de amianto - AC Amiant","description":"Aqu\u00ed ver\u00e9is casos reales de trabajos de descontaminaci\u00f3n de amianto realizados por nuestros t\u00e9cnicos: actuaciones en cubiertas, fachadas, canalones, etc.","robots":{"index":"index","follow":"follow","max-snippet":"max-snippet:-1","max-image-preview":"max-image-preview:large","max-video-preview":"max-video-preview:-1"},"canonical":"https:\/\/www.acamiant.com\/casos-reals\/","og_locale":"es_ES","og_type":"article","og_title":"Casos reales - Trabajos de descontaminaci\u00f3n de amianto - AC Amiant","og_description":"Aqu\u00ed ver\u00e9is casos reales de trabajos de descontaminaci\u00f3n de amianto realizados por nuestros t\u00e9cnicos: actuaciones en cubiertas, fachadas, canalones, etc.","og_url":"https:\/\/www.acamiant.com\/casos-reals\/","og_site_name":"Amiant","article_modified_time":"2022-05-27T10:28:38+00:00","twitter_card":"summary_large_image","twitter_misc":{"Tiempo de lectura":"2 minutos"},"schema":{"@context":"https:\/\/schema.org","@graph":[{"@type":"WebPage","@id":"https:\/\/www.acamiant.com\/casos-reals\/","url":"https:\/\/www.acamiant.com\/casos-reals\/","name":"Casos reales - Trabajos de descontaminaci\u00f3n de amianto - AC Amiant","isPartOf":{"@id":"https:\/\/www.acamiant.com\/#website"},"datePublished":"2018-11-15T10:28:13+00:00","dateModified":"2022-05-27T10:28:38+00:00","description":"Aqu\u00ed ver\u00e9is casos reales de trabajos de descontaminaci\u00f3n de amianto realizados por nuestros t\u00e9cnicos: actuaciones en cubiertas, fachadas, canalones, etc.","breadcrumb":{"@id":"https:\/\/www.acamiant.com\/casos-reals\/#breadcrumb"},"inLanguage":"es","potentialAction":[{"@type":"ReadAction","target":["https:\/\/www.acamiant.com\/casos-reals\/"]}]},{"@type":"BreadcrumbList","@id":"https:\/\/www.acamiant.com\/casos-reals\/#breadcrumb","itemListElement":[{"@type":"ListItem","position":1,"name":"Portada","item":"https:\/\/www.acamiant.com\/"},{"@type":"ListItem","position":2,"name":"Casos reales"}]},{"@type":"WebSite","@id":"https:\/\/www.acamiant.com\/#website","url":"https:\/\/www.acamiant.com\/","name":"Amiant","description":"","potentialAction":[{"@type":"SearchAction","target":{"@type":"EntryPoint","urlTemplate":"https:\/\/www.acamiant.com\/?s={search_term_string}"},"query-input":{"@type":"PropertyValueSpecification","valueRequired":true,"valueName":"search_term_string"}}],"inLanguage":"es"}]}},"_links":{"self":[{"href":"https:\/\/www.acamiant.com\/es\/wp-json\/wp\/v2\/pages\/423","targetHints":{"allow":["GET"]}}],"collection":[{"href":"https:\/\/www.acamiant.com\/es\/wp-json\/wp\/v2\/pages"}],"about":[{"href":"https:\/\/www.acamiant.com\/es\/wp-json\/wp\/v2\/types\/page"}],"author":[{"embeddable":true,"href":"https:\/\/www.acamiant.com\/es\/wp-json\/wp\/v2\/users\/2"}],"replies":[{"embeddable":true,"href":"https:\/\/www.acamiant.com\/es\/wp-json\/wp\/v2\/comments?post=423"}],"version-history":[{"count":20,"href":"https:\/\/www.acamiant.com\/es\/wp-json\/wp\/v2\/pages\/423\/revisions"}],"predecessor-version":[{"id":1602,"href":"https:\/\/www.acamiant.com\/es\/wp-json\/wp\/v2\/pages\/423\/revisions\/1602"}],"wp:attachment":[{"href":"https:\/\/www.acamiant.com\/es\/wp-json\/wp\/v2\/media?parent=423"}],"curies":[{"name":"wp","href":"https:\/\/api.w.org\/{rel}","templated":true}]}}